{"id":169,"date":"2024-09-10T19:33:00","date_gmt":"2024-09-10T17:33:00","guid":{"rendered":"https:\/\/www.saaterapie.eu\/?page_id=169"},"modified":"2025-12-20T18:53:25","modified_gmt":"2025-12-20T17:53:25","slug":"kurzy-v-hipoterapii","status":"publish","type":"page","link":"https:\/\/www.saaterapie.eu\/index.php\/kurzy\/kurzy-v-hipoterapii\/","title":{"rendered":"Kurzy v Hipoterapii"},"content":{"rendered":"\t\t<div data-elementor-type=\"wp-page\" data-elementor-id=\"169\" class=\"elementor elementor-169\">\n\t\t\t\t<div class=\"elementor-element elementor-element-2029dc6 e-grid e-con-boxed e-con e-parent\" data-id=\"2029dc6\" data-element_type=\"container\">\n\t\t\t\t\t<div class=\"e-con-inner\">\n\t\t\t\t<div class=\"elementor-element elementor-element-76b17ec elementor-position-top elementor-widget elementor-widget-image-box\" data-id=\"76b17ec\" data-element_type=\"widget\" data-widget_type=\"image-box.default\">\n\t\t\t\t<div class=\"elementor-widget-container\">\n\t\t\t<div class=\"elementor-image-box-wrapper\"><figure class=\"elementor-image-box-img\"><a href=\"https:\/\/hipoterapie-kurzy.com\/akce\/vycvik-koni-zo-zeme\/\" tabindex=\"-1\"><img fetchpriority=\"high\" decoding=\"async\" width=\"901\" height=\"900\" src=\"https:\/\/www.saaterapie.eu\/wp-content\/uploads\/2025\/12\/202-04-workshop-trenink-koni-svitani-academy-8.jpg\" class=\"attachment-full size-full wp-image-400\" alt=\"\" srcset=\"https:\/\/www.saaterapie.eu\/wp-content\/uploads\/2025\/12\/202-04-workshop-trenink-koni-svitani-academy-8.jpg 901w, https:\/\/www.saaterapie.eu\/wp-content\/uploads\/2025\/12\/202-04-workshop-trenink-koni-svitani-academy-8-300x300.jpg 300w, https:\/\/www.saaterapie.eu\/wp-content\/uploads\/2025\/12\/202-04-workshop-trenink-koni-svitani-academy-8-150x150.jpg 150w, https:\/\/www.saaterapie.eu\/wp-content\/uploads\/2025\/12\/202-04-workshop-trenink-koni-svitani-academy-8-768x767.jpg 768w, https:\/\/www.saaterapie.eu\/wp-content\/uploads\/2025\/12\/202-04-workshop-trenink-koni-svitani-academy-8-435x435.jpg 435w, https:\/\/www.saaterapie.eu\/wp-content\/uploads\/2025\/12\/202-04-workshop-trenink-koni-svitani-academy-8-60x60.jpg 60w\" sizes=\"(max-width: 901px) 100vw, 901px\" \/><\/a><\/figure><div class=\"elementor-image-box-content\"><h3 class=\"elementor-image-box-title\"><a href=\"https:\/\/hipoterapie-kurzy.com\/akce\/vycvik-koni-zo-zeme\/\">V\u00fdcvik kon\u00ed zo zeme (nielen) pre kontaktn\u00fa terapiu<\/a><\/h3><p class=\"elementor-image-box-description\">Praktick\u00fd kurz zameran\u00fd na komunik\u00e1ciu, pr\u00e1cu a pr\u00edpravu ko\u0148a pre terapeutick\u00e9 vyu\u017eitie.\nKedy: 24-26.4.2026<\/p><\/div><\/div>\t\t<\/div>\n\t\t\t\t<\/div>\n\t\t\t\t<div class=\"elementor-element elementor-element-4d95f33 elementor-position-top elementor-widget elementor-widget-image-box\" data-id=\"4d95f33\" data-element_type=\"widget\" data-widget_type=\"image-box.default\">\n\t\t\t\t<div class=\"elementor-widget-container\">\n\t\t\t<div class=\"elementor-image-box-wrapper\"><figure class=\"elementor-image-box-img\"><a href=\"https:\/\/hipoterapie-kurzy.com\/akce\/masterson-method\/\" tabindex=\"-1\"><img decoding=\"async\" width=\"1000\" height=\"522\" src=\"https:\/\/www.saaterapie.eu\/wp-content\/uploads\/2025\/12\/Kinska-Masterson-workshop-Svitani-1.jpeg\" class=\"attachment-full size-full wp-image-398\" alt=\"\" srcset=\"https:\/\/www.saaterapie.eu\/wp-content\/uploads\/2025\/12\/Kinska-Masterson-workshop-Svitani-1.jpeg 1000w, https:\/\/www.saaterapie.eu\/wp-content\/uploads\/2025\/12\/Kinska-Masterson-workshop-Svitani-1-300x157.jpeg 300w, https:\/\/www.saaterapie.eu\/wp-content\/uploads\/2025\/12\/Kinska-Masterson-workshop-Svitani-1-768x401.jpeg 768w, https:\/\/www.saaterapie.eu\/wp-content\/uploads\/2025\/12\/Kinska-Masterson-workshop-Svitani-1-115x60.jpeg 115w\" sizes=\"(max-width: 1000px) 100vw, 1000px\" \/><\/a><\/figure><div class=\"elementor-image-box-content\"><h3 class=\"elementor-image-box-title\"><a href=\"https:\/\/hipoterapie-kurzy.com\/akce\/masterson-method\/\">DEMO \u2013 Masterson Method\u00ae<\/a><\/h3><p class=\"elementor-image-box-description\">Praktick\u00e1 workshop jemnej manu\u00e1lnej met\u00f3dy podporuj\u00facej uvo\u013enenie, pohodu a spolupr\u00e1cu ko\u0148a.\nKedy: 22.-23.5.2026<\/p><\/div><\/div>\t\t<\/div>\n\t\t\t\t<\/div>\n\t\t\t\t<div class=\"elementor-element elementor-element-edd139f elementor-position-top elementor-widget elementor-widget-image-box\" data-id=\"edd139f\" data-element_type=\"widget\" data-widget_type=\"image-box.default\">\n\t\t\t\t<div class=\"elementor-widget-container\">\n\t\t\t<div class=\"elementor-image-box-wrapper\"><figure class=\"elementor-image-box-img\"><a href=\"https:\/\/hipoterapie-kurzy.com\/akce\/core-principle-slovensko\/\" tabindex=\"-1\"><img decoding=\"async\" width=\"2000\" height=\"1334\" src=\"https:\/\/www.saaterapie.eu\/wp-content\/uploads\/2025\/12\/2025-05-asistent-Slovensko-177.jpg\" class=\"attachment-full size-full wp-image-399\" alt=\"\" srcset=\"https:\/\/www.saaterapie.eu\/wp-content\/uploads\/2025\/12\/2025-05-asistent-Slovensko-177.jpg 2000w, https:\/\/www.saaterapie.eu\/wp-content\/uploads\/2025\/12\/2025-05-asistent-Slovensko-177-300x200.jpg 300w, https:\/\/www.saaterapie.eu\/wp-content\/uploads\/2025\/12\/2025-05-asistent-Slovensko-177-1024x683.jpg 1024w, https:\/\/www.saaterapie.eu\/wp-content\/uploads\/2025\/12\/2025-05-asistent-Slovensko-177-768x512.jpg 768w, https:\/\/www.saaterapie.eu\/wp-content\/uploads\/2025\/12\/2025-05-asistent-Slovensko-177-1536x1025.jpg 1536w, https:\/\/www.saaterapie.eu\/wp-content\/uploads\/2025\/12\/2025-05-asistent-Slovensko-177-450x300.jpg 450w, https:\/\/www.saaterapie.eu\/wp-content\/uploads\/2025\/12\/2025-05-asistent-Slovensko-177-90x60.jpg 90w\" sizes=\"(max-width: 2000px) 100vw, 2000px\" \/><\/a><\/figure><div class=\"elementor-image-box-content\"><h3 class=\"elementor-image-box-title\"><a href=\"https:\/\/hipoterapie-kurzy.com\/akce\/core-principle-slovensko\/\">Z\u00e1kladn\u00e9 princ\u00edpy v hipoterapii<\/a><\/h3><p class=\"elementor-image-box-description\">Ako sa sta\u0165 plnohodnotn\u00fdm asistentom v hipoterapii a z\u00edska\u0165 pevn\u00e9 z\u00e1klady pre \u0161pecializa\u010dn\u00e9 kurzy.\nKedy: 2-3.10.2026<\/p><\/div><\/div>\t\t<\/div>\n\t\t\t\t<\/div>\n\t\t\t\t\t<\/div>\n\t\t\t\t<\/div>\n\t\t<div class=\"elementor-element elementor-element-752824d e-grid e-con-boxed e-con e-parent\" data-id=\"752824d\" data-element_type=\"container\">\n\t\t\t\t\t<div class=\"e-con-inner\">\n\t\t\t\t<div class=\"elementor-element elementor-element-84ec7f9 elementor-position-top elementor-widget elementor-widget-image-box\" data-id=\"84ec7f9\" data-element_type=\"widget\" data-widget_type=\"image-box.default\">\n\t\t\t\t<div class=\"elementor-widget-container\">\n\t\t\t<div class=\"elementor-image-box-wrapper\"><figure class=\"elementor-image-box-img\"><a href=\"https:\/\/hipoterapie-kurzy.com\/akce\/kt-slovensko\/?fbclid=IwY2xjawLjZ61leHRuA2FlbQIxMABicmlkETBsS3N5WW9wQ3NPQnAwZ2V3AR7dGmpuPrKUOSKtDiGYDqlFw7w6wzszqRqHRvClDWBrfU5d8UQcTz2CKhFgiw_aem_a5M7vhKXmMesm-LwfoTfGA\" tabindex=\"-1\"><img loading=\"lazy\" decoding=\"async\" width=\"1220\" height=\"696\" src=\"https:\/\/www.saaterapie.eu\/wp-content\/uploads\/2025\/07\/Obrazok-WhatsApp-2025-07-15-o-19.07.38_0dde2059.jpg\" class=\"attachment-full size-full wp-image-387\" alt=\"\" srcset=\"https:\/\/www.saaterapie.eu\/wp-content\/uploads\/2025\/07\/Obrazok-WhatsApp-2025-07-15-o-19.07.38_0dde2059.jpg 1220w, https:\/\/www.saaterapie.eu\/wp-content\/uploads\/2025\/07\/Obrazok-WhatsApp-2025-07-15-o-19.07.38_0dde2059-300x171.jpg 300w, https:\/\/www.saaterapie.eu\/wp-content\/uploads\/2025\/07\/Obrazok-WhatsApp-2025-07-15-o-19.07.38_0dde2059-1024x584.jpg 1024w, https:\/\/www.saaterapie.eu\/wp-content\/uploads\/2025\/07\/Obrazok-WhatsApp-2025-07-15-o-19.07.38_0dde2059-768x438.jpg 768w, https:\/\/www.saaterapie.eu\/wp-content\/uploads\/2025\/07\/Obrazok-WhatsApp-2025-07-15-o-19.07.38_0dde2059-105x60.jpg 105w\" sizes=\"(max-width: 1220px) 100vw, 1220px\" \/><\/a><\/figure><div class=\"elementor-image-box-content\"><h3 class=\"elementor-image-box-title\"><a href=\"https:\/\/hipoterapie-kurzy.com\/akce\/kt-slovensko\/?fbclid=IwY2xjawLjZ61leHRuA2FlbQIxMABicmlkETBsS3N5WW9wQ3NPQnAwZ2V3AR7dGmpuPrKUOSKtDiGYDqlFw7w6wzszqRqHRvClDWBrfU5d8UQcTz2CKhFgiw_aem_a5M7vhKXmMesm-LwfoTfGA\"> Prv\u00e9 kroky ku kontaktn\u00fdm n\u00e1v\u0161tev\u00e1m        s ko\u0148om<\/a><\/h3><p class=\"elementor-image-box-description\">PRV\u00c9 KROKY KU KONTAKTN\u00ddM N\u00c1V\u0160TEV\u00c1M S KO\u0147OM \u2013 PRAKTICK\u00dd WORKSHOP   \n                 Kedy :  10-12.10.2025\n     Kde : Ran\u010d Black white horse - Blahov\u00e1 <\/p><\/div><\/div>\t\t<\/div>\n\t\t\t\t<\/div>\n\t\t\t\t\t<\/div>\n\t\t\t\t<\/div>\n\t\t<div class=\"elementor-element elementor-element-51f5a31 e-flex e-con-boxed e-con e-parent\" data-id=\"51f5a31\" data-element_type=\"container\">\n\t\t\t\t\t<div class=\"e-con-inner\">\n\t\t<div class=\"elementor-element elementor-element-7b5a66d e-con-full e-flex e-con e-child\" data-id=\"7b5a66d\" data-element_type=\"container\">\n\t\t\t\t<div class=\"elementor-element elementor-element-b85764d elementor-position-top elementor-widget elementor-widget-image-box\" data-id=\"b85764d\" data-element_type=\"widget\" data-widget_type=\"image-box.default\">\n\t\t\t\t<div class=\"elementor-widget-container\">\n\t\t\t<div class=\"elementor-image-box-wrapper\"><figure class=\"elementor-image-box-img\"><a href=\"https:\/\/hipoterapie-kurzy.com\/akce\/kurz-pre-asistentov\/\" tabindex=\"-1\"><img loading=\"lazy\" decoding=\"async\" width=\"1080\" height=\"1080\" src=\"https:\/\/www.saaterapie.eu\/wp-content\/uploads\/2024\/09\/2.-kurz-pomocnik-Slovensko-Prispevek-na-Instagramu.jpg\" class=\"attachment-full size-full wp-image-216\" alt=\"\" srcset=\"https:\/\/www.saaterapie.eu\/wp-content\/uploads\/2024\/09\/2.-kurz-pomocnik-Slovensko-Prispevek-na-Instagramu.jpg 1080w, https:\/\/www.saaterapie.eu\/wp-content\/uploads\/2024\/09\/2.-kurz-pomocnik-Slovensko-Prispevek-na-Instagramu-300x300.jpg 300w, https:\/\/www.saaterapie.eu\/wp-content\/uploads\/2024\/09\/2.-kurz-pomocnik-Slovensko-Prispevek-na-Instagramu-1024x1024.jpg 1024w, https:\/\/www.saaterapie.eu\/wp-content\/uploads\/2024\/09\/2.-kurz-pomocnik-Slovensko-Prispevek-na-Instagramu-150x150.jpg 150w, https:\/\/www.saaterapie.eu\/wp-content\/uploads\/2024\/09\/2.-kurz-pomocnik-Slovensko-Prispevek-na-Instagramu-768x768.jpg 768w, https:\/\/www.saaterapie.eu\/wp-content\/uploads\/2024\/09\/2.-kurz-pomocnik-Slovensko-Prispevek-na-Instagramu-435x435.jpg 435w, https:\/\/www.saaterapie.eu\/wp-content\/uploads\/2024\/09\/2.-kurz-pomocnik-Slovensko-Prispevek-na-Instagramu-60x60.jpg 60w\" sizes=\"(max-width: 1080px) 100vw, 1080px\" \/><\/a><\/figure><div class=\"elementor-image-box-content\"><h3 class=\"elementor-image-box-title\"><a href=\"https:\/\/hipoterapie-kurzy.com\/akce\/kurz-pre-asistentov\/\">Kurz pre asistentov v hipoterapii<\/a><\/h3><p class=\"elementor-image-box-description\">STA\u0147 SA NEOCENITE\u013dN\u00ddM POMOCN\u00cdKOM V HIPOTERAPII\nKedy 17.3.2025 - 3.5.2025<br>   online a praktick\u00e1 \u010das\u0165 <br>Po\u010det miest je obmedzen\u00fd !<\/p><\/div><\/div>\t\t<\/div>\n\t\t\t\t<\/div>\n\t\t\t\t<\/div>\n\t\t<div class=\"elementor-element elementor-element-015a8c5 e-con-full e-flex e-con e-child\" data-id=\"015a8c5\" data-element_type=\"container\">\n\t\t\t\t<div class=\"elementor-element elementor-element-04b482a elementor-position-top elementor-widget elementor-widget-image-box\" data-id=\"04b482a\" data-element_type=\"widget\" data-widget_type=\"image-box.default\">\n\t\t\t\t<div class=\"elementor-widget-container\">\n\t\t\t<div class=\"elementor-image-box-wrapper\"><figure class=\"elementor-image-box-img\"><a href=\"https:\/\/hipoterapie-kurzy.com\/akce\/zaklady-prace-s-konem-ze-zeme-pro-hr\/\" tabindex=\"-1\"><img loading=\"lazy\" decoding=\"async\" width=\"1080\" height=\"1080\" src=\"https:\/\/www.saaterapie.eu\/wp-content\/uploads\/2024\/09\/Pripravte-si-svojho-kona-na-hipoterapiu.jpg\" class=\"attachment-full size-full wp-image-217\" alt=\"\" srcset=\"https:\/\/www.saaterapie.eu\/wp-content\/uploads\/2024\/09\/Pripravte-si-svojho-kona-na-hipoterapiu.jpg 1080w, https:\/\/www.saaterapie.eu\/wp-content\/uploads\/2024\/09\/Pripravte-si-svojho-kona-na-hipoterapiu-300x300.jpg 300w, https:\/\/www.saaterapie.eu\/wp-content\/uploads\/2024\/09\/Pripravte-si-svojho-kona-na-hipoterapiu-1024x1024.jpg 1024w, https:\/\/www.saaterapie.eu\/wp-content\/uploads\/2024\/09\/Pripravte-si-svojho-kona-na-hipoterapiu-150x150.jpg 150w, https:\/\/www.saaterapie.eu\/wp-content\/uploads\/2024\/09\/Pripravte-si-svojho-kona-na-hipoterapiu-768x768.jpg 768w, https:\/\/www.saaterapie.eu\/wp-content\/uploads\/2024\/09\/Pripravte-si-svojho-kona-na-hipoterapiu-435x435.jpg 435w, https:\/\/www.saaterapie.eu\/wp-content\/uploads\/2024\/09\/Pripravte-si-svojho-kona-na-hipoterapiu-60x60.jpg 60w\" sizes=\"(max-width: 1080px) 100vw, 1080px\" \/><\/a><\/figure><div class=\"elementor-image-box-content\"><h3 class=\"elementor-image-box-title\"><a href=\"https:\/\/hipoterapie-kurzy.com\/akce\/zaklady-prace-s-konem-ze-zeme-pro-hr\/\">Z\u00e1kladn\u00e9 princ\u00edpy v\u00fdcviku kon\u00ed zo zeme pre hipoterapiu.<\/a><\/h3><p class=\"elementor-image-box-description\">Pripravte si svojho ko\u0148a na hipoterapiu: Exkluz\u00edvny workshop s Alenou Fritscherovou\nworkshop sa uskuto\u010dn\u00ed 5-6.10.2024\npo\u010det miest je obmedzen\u00fd !<\/p><\/div><\/div>\t\t<\/div>\n\t\t\t\t<\/div>\n\t\t\t\t<\/div>\n\t\t<div class=\"elementor-element elementor-element-812eb9f e-con-full e-flex e-con e-child\" data-id=\"812eb9f\" data-element_type=\"container\">\n\t\t\t\t<div class=\"elementor-element elementor-element-140a1bd elementor-position-top elementor-widget elementor-widget-image-box\" data-id=\"140a1bd\" data-element_type=\"widget\" data-widget_type=\"image-box.default\">\n\t\t\t\t<div class=\"elementor-widget-container\">\n\t\t\t<div class=\"elementor-image-box-wrapper\"><figure class=\"elementor-image-box-img\"><a href=\"https:\/\/hipoterapie-kurzy.com\/akce\/eat-application-course\/?fbclid=IwY2xjawFCZXtleHRuA2FlbQIxMAABHb0Hkcsq0Td_Dy0KL7SQTVE56RftDoKLhAXPBvT__5U-E6CpADXY4TrBqA_aem_7PraXmdPVS91SjjQHBwjbQ\" tabindex=\"-1\"><img loading=\"lazy\" decoding=\"async\" width=\"1080\" height=\"1080\" src=\"https:\/\/www.saaterapie.eu\/wp-content\/uploads\/2024\/09\/Equine-Facilitated-Therapy-Basic-Ins-post.jpg\" class=\"attachment-full size-full wp-image-218\" alt=\"\" srcset=\"https:\/\/www.saaterapie.eu\/wp-content\/uploads\/2024\/09\/Equine-Facilitated-Therapy-Basic-Ins-post.jpg 1080w, https:\/\/www.saaterapie.eu\/wp-content\/uploads\/2024\/09\/Equine-Facilitated-Therapy-Basic-Ins-post-300x300.jpg 300w, https:\/\/www.saaterapie.eu\/wp-content\/uploads\/2024\/09\/Equine-Facilitated-Therapy-Basic-Ins-post-1024x1024.jpg 1024w, https:\/\/www.saaterapie.eu\/wp-content\/uploads\/2024\/09\/Equine-Facilitated-Therapy-Basic-Ins-post-150x150.jpg 150w, https:\/\/www.saaterapie.eu\/wp-content\/uploads\/2024\/09\/Equine-Facilitated-Therapy-Basic-Ins-post-768x768.jpg 768w, https:\/\/www.saaterapie.eu\/wp-content\/uploads\/2024\/09\/Equine-Facilitated-Therapy-Basic-Ins-post-435x435.jpg 435w, https:\/\/www.saaterapie.eu\/wp-content\/uploads\/2024\/09\/Equine-Facilitated-Therapy-Basic-Ins-post-60x60.jpg 60w\" sizes=\"(max-width: 1080px) 100vw, 1080px\" \/><\/a><\/figure><div class=\"elementor-image-box-content\"><h3 class=\"elementor-image-box-title\"><a href=\"https:\/\/hipoterapie-kurzy.com\/akce\/eat-application-course\/?fbclid=IwY2xjawFCZXtleHRuA2FlbQIxMAABHb0Hkcsq0Td_Dy0KL7SQTVE56RftDoKLhAXPBvT__5U-E6CpADXY4TrBqA_aem_7PraXmdPVS91SjjQHBwjbQ\">APLIK\u00c1CIA EQUINE ASISTOVANEJ TERAPIE vo FYZIK\u00c1LNEJ, PRACOVNEJ A LOGOTERAPII<\/a><\/h3><p class=\"elementor-image-box-description\">Za\u010d\u00edname 7. okt\u00f3bra 2024.<br> Po\u010det miest je obmedzen\u00fd!\nOnline\n<\/p><\/div><\/div>\t\t<\/div>\n\t\t\t\t<\/div>\n\t\t\t\t<\/div>\n\t\t<div class=\"elementor-element elementor-element-ec943ed e-con-full e-flex e-con e-child\" data-id=\"ec943ed\" data-element_type=\"container\">\n\t\t\t\t<div class=\"elementor-element elementor-element-efa4e7a elementor-position-top elementor-widget elementor-widget-image-box\" data-id=\"efa4e7a\" data-element_type=\"widget\" data-widget_type=\"image-box.default\">\n\t\t\t\t<div class=\"elementor-widget-container\">\n\t\t\t<div class=\"elementor-image-box-wrapper\"><figure class=\"elementor-image-box-img\"><a href=\"https:\/\/hipoterapie-kurzy.com\/akce\/specifika-komunikace\/\" tabindex=\"-1\"><img loading=\"lazy\" decoding=\"async\" width=\"1080\" height=\"1080\" src=\"https:\/\/www.saaterapie.eu\/wp-content\/uploads\/2024\/09\/stv3.jpg\" class=\"attachment-full size-full wp-image-174\" alt=\"\" srcset=\"https:\/\/www.saaterapie.eu\/wp-content\/uploads\/2024\/09\/stv3.jpg 1080w, https:\/\/www.saaterapie.eu\/wp-content\/uploads\/2024\/09\/stv3-300x300.jpg 300w, https:\/\/www.saaterapie.eu\/wp-content\/uploads\/2024\/09\/stv3-1024x1024.jpg 1024w, https:\/\/www.saaterapie.eu\/wp-content\/uploads\/2024\/09\/stv3-150x150.jpg 150w, https:\/\/www.saaterapie.eu\/wp-content\/uploads\/2024\/09\/stv3-768x768.jpg 768w, https:\/\/www.saaterapie.eu\/wp-content\/uploads\/2024\/09\/stv3-435x435.jpg 435w, https:\/\/www.saaterapie.eu\/wp-content\/uploads\/2024\/09\/stv3-60x60.jpg 60w\" sizes=\"(max-width: 1080px) 100vw, 1080px\" \/><\/a><\/figure><div class=\"elementor-image-box-content\"><h3 class=\"elementor-image-box-title\"><a href=\"https:\/\/hipoterapie-kurzy.com\/akce\/specifika-komunikace\/\">Specifika komunikace s osobami se zdravotn\u00edm znev\u00fdhodn\u011bn\u00edm<\/a><\/h3><p class=\"elementor-image-box-description\">Efektivn\u00ed a empatick\u00e1 komunikace je nezbytn\u00e1 pro \u00fasp\u011b\u0161n\u00e9 poskytov\u00e1n\u00ed kvalitn\u00edch slu\u017eeb.\n\nKedy : 5. - 6.10. 2024\nKde: Ryz\u00e1\u010dek, z.s., Vy\u0161ehorky u Olomouce<\/p><\/div><\/div>\t\t<\/div>\n\t\t\t\t<\/div>\n\t\t\t\t<\/div>\n\t\t\t\t\t<\/div>\n\t\t\t\t<\/div>\n\t\t\t\t<\/div>\n\t\t","protected":false},"excerpt":{"rendered":"<p>V\u00fdcvik kon\u00ed zo zeme (nielen) pre kontaktn\u00fa terapiu Praktick\u00fd kurz zameran\u00fd na komunik\u00e1ciu, pr\u00e1cu a pr\u00edpravu ko\u0148a pre terapeutick\u00e9 vyu\u017eitie. Kedy: 24-26.4.2026 DEMO \u2013 Masterson Method\u00ae Praktick\u00e1 workshop jemnej manu\u00e1lnej met\u00f3dy podporuj\u00facej uvo\u013enenie, pohodu a spolupr\u00e1cu ko\u0148a. Kedy: 22.-23.5.2026 Z\u00e1kladn\u00e9 princ\u00edpy v hipoterapii Ako sa sta\u0165 plnohodnotn\u00fdm asistentom v hipoterapii a z\u00edska\u0165 pevn\u00e9 z\u00e1klady pre &hellip; <\/p>\n","protected":false},"author":2,"featured_media":0,"parent":63,"menu_order":0,"comment_status":"closed","ping_status":"closed","template":"","meta":{"footnotes":""},"class_list":["post-169","page","type-page","status-publish","hentry"],"_links":{"self":[{"href":"https:\/\/www.saaterapie.eu\/index.php\/wp-json\/wp\/v2\/pages\/169","targetHints":{"allow":["GET"]}}],"collection":[{"href":"https:\/\/www.saaterapie.eu\/index.php\/wp-json\/wp\/v2\/pages"}],"about":[{"href":"https:\/\/www.saaterapie.eu\/index.php\/wp-json\/wp\/v2\/types\/page"}],"author":[{"embeddable":true,"href":"https:\/\/www.saaterapie.eu\/index.php\/wp-json\/wp\/v2\/users\/2"}],"replies":[{"embeddable":true,"href":"https:\/\/www.saaterapie.eu\/index.php\/wp-json\/wp\/v2\/comments?post=169"}],"version-history":[{"count":20,"href":"https:\/\/www.saaterapie.eu\/index.php\/wp-json\/wp\/v2\/pages\/169\/revisions"}],"predecessor-version":[{"id":404,"href":"https:\/\/www.saaterapie.eu\/index.php\/wp-json\/wp\/v2\/pages\/169\/revisions\/404"}],"up":[{"embeddable":true,"href":"https:\/\/www.saaterapie.eu\/index.php\/wp-json\/wp\/v2\/pages\/63"}],"wp:attachment":[{"href":"https:\/\/www.saaterapie.eu\/index.php\/wp-json\/wp\/v2\/media?parent=169"}],"curies":[{"name":"wp","href":"https:\/\/api.w.org\/{rel}","templated":true}]}}