{"id":188,"date":"2024-09-10T19:50:43","date_gmt":"2024-09-10T17:50:43","guid":{"rendered":"https:\/\/www.saaterapie.eu\/?page_id=188"},"modified":"2024-09-10T19:57:05","modified_gmt":"2024-09-10T17:57:05","slug":"kurzy-canisterapie","status":"publish","type":"page","link":"https:\/\/www.saaterapie.eu\/index.php\/kurzy\/kurzy-v-hipoterapii\/kurzy-canisterapie\/","title":{"rendered":"Kurzy Canisterapie"},"content":{"rendered":"\t\t<div data-elementor-type=\"wp-page\" data-elementor-id=\"188\" class=\"elementor elementor-188\">\n\t\t\t\t<div class=\"elementor-element elementor-element-507c36e e-flex e-con-boxed e-con e-parent\" data-id=\"507c36e\" data-element_type=\"container\">\n\t\t\t\t\t<div class=\"e-con-inner\">\n\t\t<div class=\"elementor-element elementor-element-0bfbae5 e-con-full e-flex e-con e-child\" data-id=\"0bfbae5\" data-element_type=\"container\">\n\t\t\t\t<div class=\"elementor-element elementor-element-9a033c4 elementor-position-top elementor-widget elementor-widget-image-box\" data-id=\"9a033c4\" data-element_type=\"widget\" data-widget_type=\"image-box.default\">\n\t\t\t\t<div class=\"elementor-widget-container\">\n\t\t\t<div class=\"elementor-image-box-wrapper\"><figure class=\"elementor-image-box-img\"><a href=\"https:\/\/hipoterapie-kurzy.com\/akce\/canisterapie-webinar\/\" tabindex=\"-1\"><img fetchpriority=\"high\" decoding=\"async\" width=\"1080\" height=\"1080\" src=\"https:\/\/www.saaterapie.eu\/wp-content\/uploads\/2024\/09\/svt-5.jpg\" class=\"attachment-full size-full wp-image-191\" alt=\"\" srcset=\"https:\/\/www.saaterapie.eu\/wp-content\/uploads\/2024\/09\/svt-5.jpg 1080w, https:\/\/www.saaterapie.eu\/wp-content\/uploads\/2024\/09\/svt-5-300x300.jpg 300w, https:\/\/www.saaterapie.eu\/wp-content\/uploads\/2024\/09\/svt-5-1024x1024.jpg 1024w, https:\/\/www.saaterapie.eu\/wp-content\/uploads\/2024\/09\/svt-5-150x150.jpg 150w, https:\/\/www.saaterapie.eu\/wp-content\/uploads\/2024\/09\/svt-5-768x768.jpg 768w, https:\/\/www.saaterapie.eu\/wp-content\/uploads\/2024\/09\/svt-5-435x435.jpg 435w, https:\/\/www.saaterapie.eu\/wp-content\/uploads\/2024\/09\/svt-5-60x60.jpg 60w\" sizes=\"(max-width: 1080px) 100vw, 1080px\" \/><\/a><\/figure><div class=\"elementor-image-box-content\"><h3 class=\"elementor-image-box-title\"><a href=\"https:\/\/hipoterapie-kurzy.com\/akce\/canisterapie-webinar\/\">Slu\u017eby za asistence psa<\/a><\/h3><p class=\"elementor-image-box-description\">V kontextu aktiviza\u010dn\u00edch a terapeutick\u00fdch metod\nDatum webin\u00e1\u0159e: 3. 10. 2024\n\u010cas: 19-20,30h\nKde: ZOOM\nZ\u00e1znam webin\u00e1\u0159e bude k dispozici.<\/p><\/div><\/div>\t\t<\/div>\n\t\t\t\t<\/div>\n\t\t\t\t<\/div>\n\t\t<div class=\"elementor-element elementor-element-f254595 e-con-full e-flex e-con e-child\" data-id=\"f254595\" data-element_type=\"container\">\n\t\t\t\t<\/div>\n\t\t<div class=\"elementor-element elementor-element-fd48640 e-con-full e-flex e-con e-child\" data-id=\"fd48640\" data-element_type=\"container\">\n\t\t\t\t<\/div>\n\t\t<div class=\"elementor-element elementor-element-b90c4f6 e-con-full e-flex e-con e-child\" data-id=\"b90c4f6\" data-element_type=\"container\">\n\t\t\t\t<\/div>\n\t\t\t\t\t<\/div>\n\t\t\t\t<\/div>\n\t\t\t\t<\/div>\n\t\t","protected":false},"excerpt":{"rendered":"<p>Slu\u017eby za asistence psa V kontextu aktiviza\u010dn\u00edch a terapeutick\u00fdch metod Datum webin\u00e1\u0159e: 3. 10. 2024 \u010cas: 19-20,30h Kde: ZOOM Z\u00e1znam webin\u00e1\u0159e bude k dispozici.<\/p>\n","protected":false},"author":2,"featured_media":0,"parent":169,"menu_order":0,"comment_status":"closed","ping_status":"closed","template":"","meta":{"footnotes":""},"class_list":["post-188","page","type-page","status-publish","hentry"],"_links":{"self":[{"href":"https:\/\/www.saaterapie.eu\/index.php\/wp-json\/wp\/v2\/pages\/188","targetHints":{"allow":["GET"]}}],"collection":[{"href":"https:\/\/www.saaterapie.eu\/index.php\/wp-json\/wp\/v2\/pages"}],"about":[{"href":"https:\/\/www.saaterapie.eu\/index.php\/wp-json\/wp\/v2\/types\/page"}],"author":[{"embeddable":true,"href":"https:\/\/www.saaterapie.eu\/index.php\/wp-json\/wp\/v2\/users\/2"}],"replies":[{"embeddable":true,"href":"https:\/\/www.saaterapie.eu\/index.php\/wp-json\/wp\/v2\/comments?post=188"}],"version-history":[{"count":4,"href":"https:\/\/www.saaterapie.eu\/index.php\/wp-json\/wp\/v2\/pages\/188\/revisions"}],"predecessor-version":[{"id":195,"href":"https:\/\/www.saaterapie.eu\/index.php\/wp-json\/wp\/v2\/pages\/188\/revisions\/195"}],"up":[{"embeddable":true,"href":"https:\/\/www.saaterapie.eu\/index.php\/wp-json\/wp\/v2\/pages\/169"}],"wp:attachment":[{"href":"https:\/\/www.saaterapie.eu\/index.php\/wp-json\/wp\/v2\/media?parent=188"}],"curies":[{"name":"wp","href":"https:\/\/api.w.org\/{rel}","templated":true}]}}