{"id":226,"date":"2024-09-11T11:22:45","date_gmt":"2024-09-11T09:22:45","guid":{"rendered":"https:\/\/www.saaterapie.eu\/?page_id=226"},"modified":"2024-09-11T11:25:14","modified_gmt":"2024-09-11T09:25:14","slug":"parawestern","status":"publish","type":"page","link":"https:\/\/www.saaterapie.eu\/index.php\/parawestern\/","title":{"rendered":"Parawestern"},"content":{"rendered":"\t\t<div data-elementor-type=\"wp-page\" data-elementor-id=\"226\" class=\"elementor elementor-226\">\n\t\t\t\t<div class=\"elementor-element elementor-element-6440ec6 e-flex e-con-boxed e-con e-parent\" data-id=\"6440ec6\" data-element_type=\"container\">\n\t\t\t\t\t<div class=\"e-con-inner\">\n\t\t\t\t<div class=\"elementor-element elementor-element-3f68c9b elementor-widget elementor-widget-image\" data-id=\"3f68c9b\" data-element_type=\"widget\" data-widget_type=\"image.default\">\n\t\t\t\t<div class=\"elementor-widget-container\">\n\t\t\t\t\t\t\t\t\t\t\t\t\t<img decoding=\"async\" src=\"https:\/\/www.saaterapie.eu\/wp-content\/uploads\/elementor\/thumbs\/parawestern-qty0zlcteqjg58ksio8l2lp5k84xkunv1ko7qla2ko.jpg\" title=\"parawestern\" alt=\"parawestern\" loading=\"lazy\" \/>\t\t\t\t\t\t\t\t\t\t\t\t\t<\/div>\n\t\t\t\t<\/div>\n\t\t\t\t\t<\/div>\n\t\t\t\t<\/div>\n\t\t<div class=\"elementor-element elementor-element-0a50517 e-flex e-con-boxed e-con e-parent\" data-id=\"0a50517\" data-element_type=\"container\">\n\t\t\t\t\t<div class=\"e-con-inner\">\n\t\t\t\t<div class=\"elementor-element elementor-element-b91a416 elementor-widget elementor-widget-text-editor\" data-id=\"b91a416\" data-element_type=\"widget\" data-widget_type=\"text-editor.default\">\n\t\t\t\t<div class=\"elementor-widget-container\">\n\t\t\t\t\t\t\t<p>Parawestern\u00a0<\/p><p>Je s\u00fa\u0165a\u017en\u00e9 westernov\u00e9 jazdenie pre deti a \u013eud\u00ed so zdravotn\u00fdm znev\u00fdhodnen\u00edm.<\/p><p>\u0160pecifik\u00e1ciou parawesternu je \u017ee jazdci tr\u00e9nuj\u00fa a s\u00fa\u0165a\u017eia pod\u013ea pravidiel pre zdrav\u00fdch jazdcov, iba s \u00fa\u013eavami pod\u013ea dann\u00e9ho hendikepu jazdca. Ve\u013ek\u00fa v\u00fdznamn\u00fa rolu hr\u00e1 spolupracuj\u00faci asistent s jazdcom.<\/p><p>Spolupr\u00e1ca jazdca ko\u0148a a tras\u00e9ra \u010di asistenta umo\u017e\u0148uje hendikepovan\u00fdm \u0161portovcom plnohodnotn\u00fd \u0161portov\u00fd v\u00fdkon. Najme\u00a0\u00a0t\u00fdm \u017ee v\u0161etky s\u00fa\u0165a\u017ee sa konaj\u00fa v\u00fdhradne v spolupr\u00e1ci so zdrav\u00fdmi jazdcami okrem \u00fa\u013eav\u00a0pod\u013ea hendikepu jazdca.<\/p><p>Jazdci so zdravotn\u00fdm znev\u00fdhodnen\u00edm tie\u017e radi s\u00fa\u0165a\u017eia a je to pre ne v\u00fdborn\u00e1 motiv\u00e1cia.\u00a0<\/p><p>Parajazden\u00edm si jazdci rozvin\u00fa hrub\u00fa a jemn\u00fa motoriku, zdokonalia si pohybov\u00e9 schopnosti a koordin\u00e1ciu. V r\u00e1mci mo\u017enosti si maj\u00fa mo\u017enos\u0165 zlep\u0161i\u0165 psychick\u00e9 zdravie, a v neposlednej rade sa za\u010dlenia do spolo\u010dnosti, zlep\u0161enie samostatnosti, tvorivosti a zlep\u0161enie sebavedomia.<\/p>\t\t\t\t\t\t<\/div>\n\t\t\t\t<\/div>\n\t\t\t\t\t<\/div>\n\t\t\t\t<\/div>\n\t\t\t\t<\/div>\n\t\t","protected":false},"excerpt":{"rendered":"<p>Parawestern\u00a0 Je s\u00fa\u0165a\u017en\u00e9 westernov\u00e9 jazdenie pre deti a \u013eud\u00ed so zdravotn\u00fdm znev\u00fdhodnen\u00edm. \u0160pecifik\u00e1ciou parawesternu je \u017ee jazdci tr\u00e9nuj\u00fa a s\u00fa\u0165a\u017eia pod\u013ea pravidiel pre zdrav\u00fdch jazdcov, iba s \u00fa\u013eavami pod\u013ea dann\u00e9ho hendikepu jazdca. Ve\u013ek\u00fa v\u00fdznamn\u00fa rolu hr\u00e1 spolupracuj\u00faci asistent s jazdcom. Spolupr\u00e1ca jazdca ko\u0148a a tras\u00e9ra \u010di asistenta umo\u017e\u0148uje hendikepovan\u00fdm \u0161portovcom plnohodnotn\u00fd \u0161portov\u00fd v\u00fdkon. Najme\u00a0\u00a0t\u00fdm \u017ee &hellip; <\/p>\n","protected":false},"author":2,"featured_media":0,"parent":0,"menu_order":0,"comment_status":"closed","ping_status":"closed","template":"","meta":{"footnotes":""},"class_list":["post-226","page","type-page","status-publish","hentry"],"_links":{"self":[{"href":"https:\/\/www.saaterapie.eu\/index.php\/wp-json\/wp\/v2\/pages\/226","targetHints":{"allow":["GET"]}}],"collection":[{"href":"https:\/\/www.saaterapie.eu\/index.php\/wp-json\/wp\/v2\/pages"}],"about":[{"href":"https:\/\/www.saaterapie.eu\/index.php\/wp-json\/wp\/v2\/types\/page"}],"author":[{"embeddable":true,"href":"https:\/\/www.saaterapie.eu\/index.php\/wp-json\/wp\/v2\/users\/2"}],"replies":[{"embeddable":true,"href":"https:\/\/www.saaterapie.eu\/index.php\/wp-json\/wp\/v2\/comments?post=226"}],"version-history":[{"count":7,"href":"https:\/\/www.saaterapie.eu\/index.php\/wp-json\/wp\/v2\/pages\/226\/revisions"}],"predecessor-version":[{"id":235,"href":"https:\/\/www.saaterapie.eu\/index.php\/wp-json\/wp\/v2\/pages\/226\/revisions\/235"}],"wp:attachment":[{"href":"https:\/\/www.saaterapie.eu\/index.php\/wp-json\/wp\/v2\/media?parent=226"}],"curies":[{"name":"wp","href":"https:\/\/api.w.org\/{rel}","templated":true}]}}