{"id":239,"date":"2024-09-11T11:26:19","date_gmt":"2024-09-11T09:26:19","guid":{"rendered":"https:\/\/www.saaterapie.eu\/?page_id=239"},"modified":"2024-09-11T11:28:52","modified_gmt":"2024-09-11T09:28:52","slug":"paravoltiz","status":"publish","type":"page","link":"https:\/\/www.saaterapie.eu\/index.php\/paravoltiz\/","title":{"rendered":"Paravolti\u017e"},"content":{"rendered":"\t\t<div data-elementor-type=\"wp-page\" data-elementor-id=\"239\" class=\"elementor elementor-239\">\n\t\t\t\t<div class=\"elementor-element elementor-element-6eeb1b9 e-flex e-con-boxed e-con e-parent\" data-id=\"6eeb1b9\" data-element_type=\"container\">\n\t\t\t\t\t<div class=\"e-con-inner\">\n\t\t\t\t<div class=\"elementor-element elementor-element-f2f09fd elementor-widget elementor-widget-image\" data-id=\"f2f09fd\" data-element_type=\"widget\" data-widget_type=\"image.default\">\n\t\t\t\t<div class=\"elementor-widget-container\">\n\t\t\t\t\t\t\t\t\t\t\t\t\t<img decoding=\"async\" src=\"https:\/\/www.saaterapie.eu\/wp-content\/uploads\/elementor\/thumbs\/30-qolmquwqywe9bvpsn1frovlvywlgo7clzq0ktf7bew.jpg\" title=\"30\" alt=\"30\" loading=\"lazy\" \/>\t\t\t\t\t\t\t\t\t\t\t\t\t<\/div>\n\t\t\t\t<\/div>\n\t\t\t\t\t<\/div>\n\t\t\t\t<\/div>\n\t\t<div class=\"elementor-element elementor-element-1e3e2ae e-flex e-con-boxed e-con e-parent\" data-id=\"1e3e2ae\" data-element_type=\"container\">\n\t\t\t\t\t<div class=\"e-con-inner\">\n\t\t\t\t<div class=\"elementor-element elementor-element-23839d9 elementor-widget elementor-widget-text-editor\" data-id=\"23839d9\" data-element_type=\"widget\" data-widget_type=\"text-editor.default\">\n\t\t\t\t<div class=\"elementor-widget-container\">\n\t\t\t\t\t\t\t<p>Paravolti\u017e je jednou z rehabilita\u010dn\u00fdch met\u00f3d vyu\u017e\u00edvaj\u00facich ko\u0148a a z\u00e1rove\u0148 jednou z discipl\u00edn v parajadectve.<\/p><p>Paravolti\u017e je prisp\u00f4soben\u00e9 volti\u017en\u00e9 jazdenie k jedincom so zdravotn\u00fdm znev\u00fdhodnen\u00edm. Paravolti\u017e sa vykon\u00e1va pod odborn\u00fdm zdravotn\u00fdm a terapeutick\u00fdm doh\u013eadom na koni s gymnastick\u00fdmi cvikmi, cvi\u010denci cvi\u010dia bu\u010f jednotlivo alebo vo dvojiciach. Ko\u0148a vedie lon\u017e\u00e9r vo volti\u017enom kruhu, cvi\u010denci cvi\u010dia na kr\u00e1\u010daj\u00facom koni.\u00a0<\/p><p>Medzi ciele paravolti\u017ee patr\u00ed rozvoj hrubej a jemnej motoriky, zdokonalenie pohybov\u00fdch schopnost\u00ed a koordin\u00e1cie. V r\u00e1mci mo\u017enost\u00ed taktie\u017e zlep\u0161enie, psychickej kond\u00edcii, za\u010dlenenie do spolo\u010dnosti, podpora samostatnosti, tvorivosti, zlep\u0161enie sebavedomia.<\/p>\t\t\t\t\t\t<\/div>\n\t\t\t\t<\/div>\n\t\t\t\t\t<\/div>\n\t\t\t\t<\/div>\n\t\t\t\t<\/div>\n\t\t","protected":false},"excerpt":{"rendered":"<p>Paravolti\u017e je jednou z rehabilita\u010dn\u00fdch met\u00f3d vyu\u017e\u00edvaj\u00facich ko\u0148a a z\u00e1rove\u0148 jednou z discipl\u00edn v parajadectve. Paravolti\u017e je prisp\u00f4soben\u00e9 volti\u017en\u00e9 jazdenie k jedincom so zdravotn\u00fdm znev\u00fdhodnen\u00edm. Paravolti\u017e sa vykon\u00e1va pod odborn\u00fdm zdravotn\u00fdm a terapeutick\u00fdm doh\u013eadom na koni s gymnastick\u00fdmi cvikmi, cvi\u010denci cvi\u010dia bu\u010f jednotlivo alebo vo dvojiciach. Ko\u0148a vedie lon\u017e\u00e9r vo volti\u017enom kruhu, cvi\u010denci cvi\u010dia na &hellip; <\/p>\n","protected":false},"author":2,"featured_media":0,"parent":0,"menu_order":0,"comment_status":"closed","ping_status":"closed","template":"","meta":{"footnotes":""},"class_list":["post-239","page","type-page","status-publish","hentry"],"_links":{"self":[{"href":"https:\/\/www.saaterapie.eu\/index.php\/wp-json\/wp\/v2\/pages\/239","targetHints":{"allow":["GET"]}}],"collection":[{"href":"https:\/\/www.saaterapie.eu\/index.php\/wp-json\/wp\/v2\/pages"}],"about":[{"href":"https:\/\/www.saaterapie.eu\/index.php\/wp-json\/wp\/v2\/types\/page"}],"author":[{"embeddable":true,"href":"https:\/\/www.saaterapie.eu\/index.php\/wp-json\/wp\/v2\/users\/2"}],"replies":[{"embeddable":true,"href":"https:\/\/www.saaterapie.eu\/index.php\/wp-json\/wp\/v2\/comments?post=239"}],"version-history":[{"count":4,"href":"https:\/\/www.saaterapie.eu\/index.php\/wp-json\/wp\/v2\/pages\/239\/revisions"}],"predecessor-version":[{"id":244,"href":"https:\/\/www.saaterapie.eu\/index.php\/wp-json\/wp\/v2\/pages\/239\/revisions\/244"}],"wp:attachment":[{"href":"https:\/\/www.saaterapie.eu\/index.php\/wp-json\/wp\/v2\/media?parent=239"}],"curies":[{"name":"wp","href":"https:\/\/api.w.org\/{rel}","templated":true}]}}