{"id":250,"date":"2024-10-07T10:13:28","date_gmt":"2024-10-07T08:13:28","guid":{"rendered":"https:\/\/www.saaterapie.eu\/?page_id=250"},"modified":"2025-12-27T21:42:37","modified_gmt":"2025-12-27T20:42:37","slug":"odporucane-strediska","status":"publish","type":"page","link":"https:\/\/www.saaterapie.eu\/index.php\/odporucane-strediska\/","title":{"rendered":"Overen\u00e9 stredisk\u00e1 animoterapie"},"content":{"rendered":"\t\t<div data-elementor-type=\"wp-page\" data-elementor-id=\"250\" class=\"elementor elementor-250\">\n\t\t\t\t<div class=\"elementor-element elementor-element-ba9487f e-grid e-con-boxed e-con e-parent\" data-id=\"ba9487f\" data-element_type=\"container\">\n\t\t\t\t\t<div class=\"e-con-inner\">\n\t\t\t\t<div class=\"elementor-element elementor-element-e8140c9 elementor-position-top elementor-widget elementor-widget-image-box\" data-id=\"e8140c9\" data-element_type=\"widget\" data-widget_type=\"image-box.default\">\n\t\t\t\t<div class=\"elementor-widget-container\">\n\t\t\t<div class=\"elementor-image-box-wrapper\"><figure class=\"elementor-image-box-img\"><a href=\"https:\/\/www.saaterapie.eu\/index.php\/hipoterapeuticke-centra\/\" tabindex=\"-1\"><img fetchpriority=\"high\" decoding=\"async\" width=\"1350\" height=\"1342\" src=\"https:\/\/www.saaterapie.eu\/wp-content\/uploads\/2024\/09\/tammy.jpg\" class=\"attachment-full size-full wp-image-165\" alt=\"\" srcset=\"https:\/\/www.saaterapie.eu\/wp-content\/uploads\/2024\/09\/tammy.jpg 1350w, https:\/\/www.saaterapie.eu\/wp-content\/uploads\/2024\/09\/tammy-300x298.jpg 300w, https:\/\/www.saaterapie.eu\/wp-content\/uploads\/2024\/09\/tammy-1024x1018.jpg 1024w, https:\/\/www.saaterapie.eu\/wp-content\/uploads\/2024\/09\/tammy-150x150.jpg 150w, https:\/\/www.saaterapie.eu\/wp-content\/uploads\/2024\/09\/tammy-768x763.jpg 768w, https:\/\/www.saaterapie.eu\/wp-content\/uploads\/2024\/09\/tammy-60x60.jpg 60w\" sizes=\"(max-width: 1350px) 100vw, 1350px\" \/><\/a><\/figure><div class=\"elementor-image-box-content\"><h3 class=\"elementor-image-box-title\"><a href=\"https:\/\/www.saaterapie.eu\/index.php\/hipoterapeuticke-centra\/\">Odporu\u010dan\u00e9 stredisk\u00e1 HIPOTERAPIE <\/a><\/h3><p class=\"elementor-image-box-description\">.<\/p><\/div><\/div>\t\t<\/div>\n\t\t\t\t<\/div>\n\t\t\t\t<div class=\"elementor-element elementor-element-eabbcbb elementor-position-top elementor-widget elementor-widget-image-box\" data-id=\"eabbcbb\" data-element_type=\"widget\" data-widget_type=\"image-box.default\">\n\t\t\t\t<div class=\"elementor-widget-container\">\n\t\t\t<div class=\"elementor-image-box-wrapper\"><figure class=\"elementor-image-box-img\"><a href=\"https:\/\/www.saaterapie.eu\/index.php\/canisterapeuticke-centra\/\" tabindex=\"-1\"><img decoding=\"async\" width=\"1080\" height=\"1080\" src=\"https:\/\/www.saaterapie.eu\/wp-content\/uploads\/2024\/09\/426538100_403410875410832_334835612348407811_n.jpg\" class=\"attachment-full size-full wp-image-160\" alt=\"\" srcset=\"https:\/\/www.saaterapie.eu\/wp-content\/uploads\/2024\/09\/426538100_403410875410832_334835612348407811_n.jpg 1080w, https:\/\/www.saaterapie.eu\/wp-content\/uploads\/2024\/09\/426538100_403410875410832_334835612348407811_n-300x300.jpg 300w, https:\/\/www.saaterapie.eu\/wp-content\/uploads\/2024\/09\/426538100_403410875410832_334835612348407811_n-1024x1024.jpg 1024w, https:\/\/www.saaterapie.eu\/wp-content\/uploads\/2024\/09\/426538100_403410875410832_334835612348407811_n-150x150.jpg 150w, https:\/\/www.saaterapie.eu\/wp-content\/uploads\/2024\/09\/426538100_403410875410832_334835612348407811_n-768x768.jpg 768w, https:\/\/www.saaterapie.eu\/wp-content\/uploads\/2024\/09\/426538100_403410875410832_334835612348407811_n-435x435.jpg 435w, https:\/\/www.saaterapie.eu\/wp-content\/uploads\/2024\/09\/426538100_403410875410832_334835612348407811_n-60x60.jpg 60w\" sizes=\"(max-width: 1080px) 100vw, 1080px\" \/><\/a><\/figure><div class=\"elementor-image-box-content\"><h3 class=\"elementor-image-box-title\"><a href=\"https:\/\/www.saaterapie.eu\/index.php\/canisterapeuticke-centra\/\">Odporu\u010dan\u00e9 stredisk\u00e1 CANISTERAPIE<\/a><\/h3><\/div><\/div>\t\t<\/div>\n\t\t\t\t<\/div>\n\t\t\t\t<div class=\"elementor-element elementor-element-7b94760 elementor-position-top elementor-widget elementor-widget-image-box\" data-id=\"7b94760\" data-element_type=\"widget\" data-widget_type=\"image-box.default\">\n\t\t\t\t<div class=\"elementor-widget-container\">\n\t\t\t<div class=\"elementor-image-box-wrapper\"><figure class=\"elementor-image-box-img\"><img decoding=\"async\" width=\"1024\" height=\"1024\" src=\"https:\/\/www.saaterapie.eu\/wp-content\/uploads\/2024\/09\/felinoterapia.png\" class=\"attachment-full size-full wp-image-163\" alt=\"\" srcset=\"https:\/\/www.saaterapie.eu\/wp-content\/uploads\/2024\/09\/felinoterapia.png 1024w, https:\/\/www.saaterapie.eu\/wp-content\/uploads\/2024\/09\/felinoterapia-300x300.png 300w, https:\/\/www.saaterapie.eu\/wp-content\/uploads\/2024\/09\/felinoterapia-150x150.png 150w, https:\/\/www.saaterapie.eu\/wp-content\/uploads\/2024\/09\/felinoterapia-768x768.png 768w, https:\/\/www.saaterapie.eu\/wp-content\/uploads\/2024\/09\/felinoterapia-435x435.png 435w, https:\/\/www.saaterapie.eu\/wp-content\/uploads\/2024\/09\/felinoterapia-60x60.png 60w\" sizes=\"(max-width: 1024px) 100vw, 1024px\" \/><\/figure><div class=\"elementor-image-box-content\"><h3 class=\"elementor-image-box-title\">Odporu\u010dan\u00e9 stredisk\u00e1 FELINOTERAPIE<\/h3><\/div><\/div>\t\t<\/div>\n\t\t\t\t<\/div>\n\t\t\t\t\t<\/div>\n\t\t\t\t<\/div>\n\t\t<div class=\"elementor-element elementor-element-41a541e e-grid e-con-boxed e-con e-parent\" data-id=\"41a541e\" data-element_type=\"container\">\n\t\t\t\t\t<div class=\"e-con-inner\">\n\t\t\t\t<div class=\"elementor-element elementor-element-a2faf41 elementor-position-top elementor-widget elementor-widget-image-box\" data-id=\"a2faf41\" data-element_type=\"widget\" data-widget_type=\"image-box.default\">\n\t\t\t\t<div class=\"elementor-widget-container\">\n\t\t\t<div class=\"elementor-image-box-wrapper\"><figure class=\"elementor-image-box-img\"><a href=\"https:\/\/www.saaterapie.eu\/index.php\/apicentra\/\" tabindex=\"-1\"><img loading=\"lazy\" decoding=\"async\" width=\"1024\" height=\"1024\" src=\"https:\/\/www.saaterapie.eu\/wp-content\/uploads\/2024\/09\/apiterapia.png\" class=\"attachment-full size-full wp-image-203\" alt=\"\" srcset=\"https:\/\/www.saaterapie.eu\/wp-content\/uploads\/2024\/09\/apiterapia.png 1024w, https:\/\/www.saaterapie.eu\/wp-content\/uploads\/2024\/09\/apiterapia-300x300.png 300w, https:\/\/www.saaterapie.eu\/wp-content\/uploads\/2024\/09\/apiterapia-150x150.png 150w, https:\/\/www.saaterapie.eu\/wp-content\/uploads\/2024\/09\/apiterapia-768x768.png 768w, https:\/\/www.saaterapie.eu\/wp-content\/uploads\/2024\/09\/apiterapia-435x435.png 435w, https:\/\/www.saaterapie.eu\/wp-content\/uploads\/2024\/09\/apiterapia-60x60.png 60w\" sizes=\"(max-width: 1024px) 100vw, 1024px\" \/><\/a><\/figure><div class=\"elementor-image-box-content\"><h3 class=\"elementor-image-box-title\"><a href=\"https:\/\/www.saaterapie.eu\/index.php\/apicentra\/\">Odporu\u010dan\u00e9 stredisk\u00e1 APITERAPIE <\/a><\/h3><\/div><\/div>\t\t<\/div>\n\t\t\t\t<\/div>\n\t\t\t\t<div class=\"elementor-element elementor-element-6553826 elementor-position-top elementor-widget elementor-widget-image-box\" data-id=\"6553826\" data-element_type=\"widget\" data-widget_type=\"image-box.default\">\n\t\t\t\t<div class=\"elementor-widget-container\">\n\t\t\t<div class=\"elementor-image-box-wrapper\"><figure class=\"elementor-image-box-img\"><a href=\"https:\/\/www.saaterapie.eu\/index.php\/animoterapeuticke-centra\/\" tabindex=\"-1\"><img loading=\"lazy\" decoding=\"async\" width=\"683\" height=\"1024\" src=\"https:\/\/www.saaterapie.eu\/wp-content\/uploads\/2024\/10\/2ZDeXIghaXDlaZ3RLrdeSIsclfn-medium.jpeg\" class=\"attachment-full size-full wp-image-299\" alt=\"\" srcset=\"https:\/\/www.saaterapie.eu\/wp-content\/uploads\/2024\/10\/2ZDeXIghaXDlaZ3RLrdeSIsclfn-medium.jpeg 683w, https:\/\/www.saaterapie.eu\/wp-content\/uploads\/2024\/10\/2ZDeXIghaXDlaZ3RLrdeSIsclfn-medium-200x300.jpeg 200w, https:\/\/www.saaterapie.eu\/wp-content\/uploads\/2024\/10\/2ZDeXIghaXDlaZ3RLrdeSIsclfn-medium-40x60.jpeg 40w\" sizes=\"(max-width: 683px) 100vw, 683px\" \/><\/a><\/figure><div class=\"elementor-image-box-content\"><h3 class=\"elementor-image-box-title\"><a href=\"https:\/\/www.saaterapie.eu\/index.php\/animoterapeuticke-centra\/\">Odporu\u010dan\u00e9 stredisk\u00e1 ANIMOTERAPIE <\/a><\/h3><\/div><\/div>\t\t<\/div>\n\t\t\t\t<\/div>\n\t\t\t\t<div class=\"elementor-element elementor-element-dd19607 elementor-position-top elementor-widget elementor-widget-image-box\" data-id=\"dd19607\" data-element_type=\"widget\" data-widget_type=\"image-box.default\">\n\t\t\t\t<div class=\"elementor-widget-container\">\n\t\t\t<div class=\"elementor-image-box-wrapper\"><figure class=\"elementor-image-box-img\"><a href=\"https:\/\/www.saaterapie.eu\/index.php\/automaticky-koncept\/\" tabindex=\"-1\"><img loading=\"lazy\" decoding=\"async\" width=\"2560\" height=\"1696\" src=\"https:\/\/www.saaterapie.eu\/wp-content\/uploads\/2025\/12\/delfin-scaled.jpg\" class=\"attachment-full size-full wp-image-456\" alt=\"\" srcset=\"https:\/\/www.saaterapie.eu\/wp-content\/uploads\/2025\/12\/delfin-scaled.jpg 2560w, https:\/\/www.saaterapie.eu\/wp-content\/uploads\/2025\/12\/delfin-300x199.jpg 300w, https:\/\/www.saaterapie.eu\/wp-content\/uploads\/2025\/12\/delfin-1024x678.jpg 1024w, https:\/\/www.saaterapie.eu\/wp-content\/uploads\/2025\/12\/delfin-768x509.jpg 768w, https:\/\/www.saaterapie.eu\/wp-content\/uploads\/2025\/12\/delfin-1536x1017.jpg 1536w, https:\/\/www.saaterapie.eu\/wp-content\/uploads\/2025\/12\/delfin-2048x1356.jpg 2048w, https:\/\/www.saaterapie.eu\/wp-content\/uploads\/2025\/12\/delfin-91x60.jpg 91w\" sizes=\"(max-width: 2560px) 100vw, 2560px\" \/><\/a><\/figure><div class=\"elementor-image-box-content\"><h3 class=\"elementor-image-box-title\"><a href=\"https:\/\/www.saaterapie.eu\/index.php\/automaticky-koncept\/\">Odporu\u010dan\u00e9 stredisk\u00e1  DELFINOTERAPIA<\/a><\/h3><\/div><\/div>\t\t<\/div>\n\t\t\t\t<\/div>\n\t\t\t\t\t<\/div>\n\t\t\t\t<\/div>\n\t\t\t\t<\/div>\n\t\t","protected":false},"excerpt":{"rendered":"<p>Odporu\u010dan\u00e9 stredisk\u00e1 HIPOTERAPIE . Odporu\u010dan\u00e9 stredisk\u00e1 CANISTERAPIE Odporu\u010dan\u00e9 stredisk\u00e1 FELINOTERAPIE Odporu\u010dan\u00e9 stredisk\u00e1 APITERAPIE Odporu\u010dan\u00e9 stredisk\u00e1 ANIMOTERAPIE Odporu\u010dan\u00e9 stredisk\u00e1 DELFINOTERAPIA<\/p>\n","protected":false},"author":2,"featured_media":0,"parent":0,"menu_order":0,"comment_status":"closed","ping_status":"closed","template":"","meta":{"footnotes":""},"class_list":["post-250","page","type-page","status-publish","hentry"],"_links":{"self":[{"href":"https:\/\/www.saaterapie.eu\/index.php\/wp-json\/wp\/v2\/pages\/250","targetHints":{"allow":["GET"]}}],"collection":[{"href":"https:\/\/www.saaterapie.eu\/index.php\/wp-json\/wp\/v2\/pages"}],"about":[{"href":"https:\/\/www.saaterapie.eu\/index.php\/wp-json\/wp\/v2\/types\/page"}],"author":[{"embeddable":true,"href":"https:\/\/www.saaterapie.eu\/index.php\/wp-json\/wp\/v2\/users\/2"}],"replies":[{"embeddable":true,"href":"https:\/\/www.saaterapie.eu\/index.php\/wp-json\/wp\/v2\/comments?post=250"}],"version-history":[{"count":26,"href":"https:\/\/www.saaterapie.eu\/index.php\/wp-json\/wp\/v2\/pages\/250\/revisions"}],"predecessor-version":[{"id":469,"href":"https:\/\/www.saaterapie.eu\/index.php\/wp-json\/wp\/v2\/pages\/250\/revisions\/469"}],"wp:attachment":[{"href":"https:\/\/www.saaterapie.eu\/index.php\/wp-json\/wp\/v2\/media?parent=250"}],"curies":[{"name":"wp","href":"https:\/\/api.w.org\/{rel}","templated":true}]}}