{"id":306,"date":"2024-10-17T18:36:59","date_gmt":"2024-10-17T16:36:59","guid":{"rendered":"https:\/\/www.saaterapie.eu\/?page_id=306"},"modified":"2025-12-27T21:21:24","modified_gmt":"2025-12-27T20:21:24","slug":"animoterapeuticke-centra","status":"publish","type":"page","link":"https:\/\/www.saaterapie.eu\/index.php\/animoterapeuticke-centra\/","title":{"rendered":"animoterapeuticke centr\u00e1"},"content":{"rendered":"\t\t<div data-elementor-type=\"wp-page\" data-elementor-id=\"306\" class=\"elementor elementor-306\">\n\t\t\t\t<div class=\"elementor-element elementor-element-004dbf2 e-grid e-con-boxed e-con e-parent\" data-id=\"004dbf2\" data-element_type=\"container\">\n\t\t\t\t\t<div class=\"e-con-inner\">\n\t\t\t\t<div class=\"elementor-element elementor-element-8a328c9 elementor-position-top elementor-widget elementor-widget-image-box\" data-id=\"8a328c9\" data-element_type=\"widget\" data-widget_type=\"image-box.default\">\n\t\t\t\t<div class=\"elementor-widget-container\">\n\t\t\t<div class=\"elementor-image-box-wrapper\"><figure class=\"elementor-image-box-img\"><a href=\"https:\/\/www.facebook.com\/animocentrumCharlie\/?locale=sk_SK\" tabindex=\"-1\"><img fetchpriority=\"high\" decoding=\"async\" width=\"2338\" height=\"1706\" src=\"https:\/\/www.saaterapie.eu\/wp-content\/uploads\/2024\/10\/Charlie-PDF-up-hh.png\" class=\"attachment-full size-full wp-image-308\" alt=\"\" srcset=\"https:\/\/www.saaterapie.eu\/wp-content\/uploads\/2024\/10\/Charlie-PDF-up-hh.png 2338w, https:\/\/www.saaterapie.eu\/wp-content\/uploads\/2024\/10\/Charlie-PDF-up-hh-300x219.png 300w, https:\/\/www.saaterapie.eu\/wp-content\/uploads\/2024\/10\/Charlie-PDF-up-hh-1024x747.png 1024w, https:\/\/www.saaterapie.eu\/wp-content\/uploads\/2024\/10\/Charlie-PDF-up-hh-768x560.png 768w, https:\/\/www.saaterapie.eu\/wp-content\/uploads\/2024\/10\/Charlie-PDF-up-hh-1536x1121.png 1536w, https:\/\/www.saaterapie.eu\/wp-content\/uploads\/2024\/10\/Charlie-PDF-up-hh-2048x1494.png 2048w, https:\/\/www.saaterapie.eu\/wp-content\/uploads\/2024\/10\/Charlie-PDF-up-hh-82x60.png 82w\" sizes=\"(max-width: 2338px) 100vw, 2338px\" \/><\/a><\/figure><div class=\"elementor-image-box-content\"><h3 class=\"elementor-image-box-title\"><a href=\"https:\/\/www.facebook.com\/animocentrumCharlie\/?locale=sk_SK\">Animo-pedagogick\u00e9 centrum Charlie<\/a><\/h3><p class=\"elementor-image-box-description\">okres - Senec \ns poruchami u\u010denia (dyslexia, dysgrafia,...)\n\n\u0165a\u017ekos\u0165ami so s\u00fastreden\u00edm, pam\u00e4\u0165ou, ADHD\n\nporuchami autistick\u00e9ho centra PAS\n\n\u00fazkos\u0165ou a nek\u013eudom\n\nnaru\u0161enou komunika\u010dnou schopnos\u0165ou a socializ\u00e1ciou\n\n\u0165a\u017ekos\u0165ami s hrubou a jemnou motorikou\nn\u00edzkym sebavedom\u00edm<\/p><\/div><\/div>\t\t<\/div>\n\t\t\t\t<\/div>\n\t\t\t\t\t<\/div>\n\t\t\t\t<\/div>\n\t\t\t\t<\/div>\n\t\t","protected":false},"excerpt":{"rendered":"<p>Animo-pedagogick\u00e9 centrum Charlie okres &#8211; Senec s poruchami u\u010denia (dyslexia, dysgrafia,&#8230;) \u0165a\u017ekos\u0165ami so s\u00fastreden\u00edm, pam\u00e4\u0165ou, ADHD poruchami autistick\u00e9ho centra PAS \u00fazkos\u0165ou a nek\u013eudom naru\u0161enou komunika\u010dnou schopnos\u0165ou a socializ\u00e1ciou \u0165a\u017ekos\u0165ami s hrubou a jemnou motorikou n\u00edzkym sebavedom\u00edm<\/p>\n","protected":false},"author":2,"featured_media":0,"parent":0,"menu_order":0,"comment_status":"closed","ping_status":"closed","template":"","meta":{"footnotes":""},"class_list":["post-306","page","type-page","status-publish","hentry"],"_links":{"self":[{"href":"https:\/\/www.saaterapie.eu\/index.php\/wp-json\/wp\/v2\/pages\/306","targetHints":{"allow":["GET"]}}],"collection":[{"href":"https:\/\/www.saaterapie.eu\/index.php\/wp-json\/wp\/v2\/pages"}],"about":[{"href":"https:\/\/www.saaterapie.eu\/index.php\/wp-json\/wp\/v2\/types\/page"}],"author":[{"embeddable":true,"href":"https:\/\/www.saaterapie.eu\/index.php\/wp-json\/wp\/v2\/users\/2"}],"replies":[{"embeddable":true,"href":"https:\/\/www.saaterapie.eu\/index.php\/wp-json\/wp\/v2\/comments?post=306"}],"version-history":[{"count":19,"href":"https:\/\/www.saaterapie.eu\/index.php\/wp-json\/wp\/v2\/pages\/306\/revisions"}],"predecessor-version":[{"id":448,"href":"https:\/\/www.saaterapie.eu\/index.php\/wp-json\/wp\/v2\/pages\/306\/revisions\/448"}],"wp:attachment":[{"href":"https:\/\/www.saaterapie.eu\/index.php\/wp-json\/wp\/v2\/media?parent=306"}],"curies":[{"name":"wp","href":"https:\/\/api.w.org\/{rel}","templated":true}]}}