{"id":319,"date":"2024-10-17T18:42:17","date_gmt":"2024-10-17T16:42:17","guid":{"rendered":"https:\/\/www.saaterapie.eu\/?page_id=319"},"modified":"2024-10-18T09:29:31","modified_gmt":"2024-10-18T07:29:31","slug":"apicentra","status":"publish","type":"page","link":"https:\/\/www.saaterapie.eu\/index.php\/apicentra\/","title":{"rendered":"Apicentr\u00e1"},"content":{"rendered":"\t\t<div data-elementor-type=\"wp-page\" data-elementor-id=\"319\" class=\"elementor elementor-319\">\n\t\t\t\t<div class=\"elementor-element elementor-element-35bdd0e e-grid e-con-boxed e-con e-parent\" data-id=\"35bdd0e\" data-element_type=\"container\">\n\t\t\t\t\t<div class=\"e-con-inner\">\n\t\t\t\t<div class=\"elementor-element elementor-element-2a9c1a1 elementor-position-top elementor-widget elementor-widget-image-box\" data-id=\"2a9c1a1\" data-element_type=\"widget\" data-widget_type=\"image-box.default\">\n\t\t\t\t<div class=\"elementor-widget-container\">\n\t\t\t<div class=\"elementor-image-box-wrapper\"><figure class=\"elementor-image-box-img\"><a href=\"https:\/\/www.facebook.com\/profile.php?id=100093268306653\" tabindex=\"-1\"><img fetchpriority=\"high\" decoding=\"async\" width=\"494\" height=\"545\" src=\"https:\/\/www.saaterapie.eu\/wp-content\/uploads\/2024\/10\/medosik.jpg\" class=\"attachment-full size-full wp-image-290\" alt=\"\" srcset=\"https:\/\/www.saaterapie.eu\/wp-content\/uploads\/2024\/10\/medosik.jpg 494w, https:\/\/www.saaterapie.eu\/wp-content\/uploads\/2024\/10\/medosik-272x300.jpg 272w, https:\/\/www.saaterapie.eu\/wp-content\/uploads\/2024\/10\/medosik-54x60.jpg 54w\" sizes=\"(max-width: 494px) 100vw, 494px\" \/><\/a><\/figure><div class=\"elementor-image-box-content\"><h3 class=\"elementor-image-box-title\"><a href=\"https:\/\/www.facebook.com\/profile.php?id=100093268306653\">V\u010del\u00e1rstvo Medo\u0161\u00edk<\/a><\/h3><p class=\"elementor-image-box-description\">okres - Dunajsk\u00e1 streda \nApidom\u010dek - upraven\u00fd v\u010del\u00edn pre sp\u00e1nok a relax v bl\u00edzkosti v\u010diel.\nV\u010delie produkty a v\u00fdrobky.\n<\/p><\/div><\/div>\t\t<\/div>\n\t\t\t\t<\/div>\n\t\t\t\t\t<\/div>\n\t\t\t\t<\/div>\n\t\t\t\t<\/div>\n\t\t","protected":false},"excerpt":{"rendered":"<p>V\u010del\u00e1rstvo Medo\u0161\u00edk okres &#8211; Dunajsk\u00e1 streda Apidom\u010dek &#8211; upraven\u00fd v\u010del\u00edn pre sp\u00e1nok a relax v bl\u00edzkosti v\u010diel. V\u010delie produkty a v\u00fdrobky.<\/p>\n","protected":false},"author":2,"featured_media":0,"parent":0,"menu_order":0,"comment_status":"closed","ping_status":"closed","template":"","meta":{"footnotes":""},"class_list":["post-319","page","type-page","status-publish","hentry"],"_links":{"self":[{"href":"https:\/\/www.saaterapie.eu\/index.php\/wp-json\/wp\/v2\/pages\/319","targetHints":{"allow":["GET"]}}],"collection":[{"href":"https:\/\/www.saaterapie.eu\/index.php\/wp-json\/wp\/v2\/pages"}],"about":[{"href":"https:\/\/www.saaterapie.eu\/index.php\/wp-json\/wp\/v2\/types\/page"}],"author":[{"embeddable":true,"href":"https:\/\/www.saaterapie.eu\/index.php\/wp-json\/wp\/v2\/users\/2"}],"replies":[{"embeddable":true,"href":"https:\/\/www.saaterapie.eu\/index.php\/wp-json\/wp\/v2\/comments?post=319"}],"version-history":[{"count":7,"href":"https:\/\/www.saaterapie.eu\/index.php\/wp-json\/wp\/v2\/pages\/319\/revisions"}],"predecessor-version":[{"id":340,"href":"https:\/\/www.saaterapie.eu\/index.php\/wp-json\/wp\/v2\/pages\/319\/revisions\/340"}],"wp:attachment":[{"href":"https:\/\/www.saaterapie.eu\/index.php\/wp-json\/wp\/v2\/media?parent=319"}],"curies":[{"name":"wp","href":"https:\/\/api.w.org\/{rel}","templated":true}]}}