{"id":352,"date":"2025-01-09T15:23:44","date_gmt":"2025-01-09T14:23:44","guid":{"rendered":"https:\/\/www.saaterapie.eu\/?page_id=352"},"modified":"2025-01-09T15:28:43","modified_gmt":"2025-01-09T14:28:43","slug":"apiterapia","status":"publish","type":"page","link":"https:\/\/www.saaterapie.eu\/index.php\/apiterapia\/","title":{"rendered":"Apiterapia"},"content":{"rendered":"\t\t<div data-elementor-type=\"wp-page\" data-elementor-id=\"352\" class=\"elementor elementor-352\">\n\t\t\t\t<div class=\"elementor-element elementor-element-868cf63 e-flex e-con-boxed e-con e-parent\" data-id=\"868cf63\" data-element_type=\"container\">\n\t\t\t\t\t<div class=\"e-con-inner\">\n\t\t\t\t<div class=\"elementor-element elementor-element-a040f3a elementor-widget elementor-widget-heading\" data-id=\"a040f3a\" data-element_type=\"widget\" data-widget_type=\"heading.default\">\n\t\t\t\t<div class=\"elementor-widget-container\">\n\t\t\t<h2 class=\"elementor-heading-title elementor-size-default\">Apiterapia: Cesta k uzdraveniu v harm\u00f3nii s pr\u00edrodou<\/h2>\t\t<\/div>\n\t\t\t\t<\/div>\n\t\t\t\t\t<\/div>\n\t\t\t\t<\/div>\n\t\t<div class=\"elementor-element elementor-element-d0b15b4 e-flex e-con-boxed e-con e-parent\" data-id=\"d0b15b4\" data-element_type=\"container\">\n\t\t\t\t\t<div class=\"e-con-inner\">\n\t\t\t\t<div class=\"elementor-element elementor-element-55a515d elementor-widget elementor-widget-image\" data-id=\"55a515d\" data-element_type=\"widget\" data-widget_type=\"image.default\">\n\t\t\t\t<div class=\"elementor-widget-container\">\n\t\t\t\t\t\t\t\t\t\t\t\t\t<img fetchpriority=\"high\" decoding=\"async\" width=\"319\" height=\"209\" src=\"https:\/\/www.saaterapie.eu\/wp-content\/uploads\/2025\/01\/apiterapia.jpg\" class=\"attachment-large size-large wp-image-353\" alt=\"\" srcset=\"https:\/\/www.saaterapie.eu\/wp-content\/uploads\/2025\/01\/apiterapia.jpg 319w, https:\/\/www.saaterapie.eu\/wp-content\/uploads\/2025\/01\/apiterapia-300x197.jpg 300w, https:\/\/www.saaterapie.eu\/wp-content\/uploads\/2025\/01\/apiterapia-92x60.jpg 92w\" sizes=\"(max-width: 319px) 100vw, 319px\" \/>\t\t\t\t\t\t\t\t\t\t\t\t\t<\/div>\n\t\t\t\t<\/div>\n\t\t\t\t\t<\/div>\n\t\t\t\t<\/div>\n\t\t<div class=\"elementor-element elementor-element-05e77b8 e-flex e-con-boxed e-con e-parent\" data-id=\"05e77b8\" data-element_type=\"container\">\n\t\t\t\t\t<div class=\"e-con-inner\">\n\t\t\t\t<div class=\"elementor-element elementor-element-dfb665d elementor-widget elementor-widget-text-editor\" data-id=\"dfb665d\" data-element_type=\"widget\" data-widget_type=\"text-editor.default\">\n\t\t\t\t<div class=\"elementor-widget-container\">\n\t\t\t\t\t\t\t<p>Apiterapia, je alternat\u00edvna lie\u010debn\u00e1 met\u00f3da pomocou v\u010dely medonosnej a v\u010del\u00edch produktov. V\u00fdraz apiterapia vych\u00e1dza z latinsk\u00e9ho slova apis \u2013 znamenaj\u00faci v\u010delu.<br \/>V\u010delie produkty ako dar zdravia<br \/>Med, pe\u013e, propolis, matersk\u00e1 ka\u0161i\u010dka a v\u010del\u00ed jed maj\u00fa r\u00f4zne \u00fa\u010dinky a preto aj r\u00f4zny v\u00fdznam pri prevencii respekt\u00edve alternat\u00edvnej lie\u010dbe ochoren\u00ed.<br \/>Tieto pr\u00edrodn\u00e9 produkty obsahuj\u00fa vysok\u00fd podiel vitam\u00ednov, miner\u00e1lov, antioxidantov a enz\u00fdmov, ktor\u00e9 podporuj\u00fa regener\u00e1ciu organizmu. Napr\u00edklad:<br \/>\u2022<br \/>Med pom\u00e1ha pri hojen\u00ed r\u00e1n a posil\u0148uje imunitn\u00fd syst\u00e9m.<br \/>\u2022<br \/>Pe\u013e je bohat\u00fd na prote\u00edny a podporuje metabolizmus.<br \/>\u2022<br \/>Propolis m\u00e1 antibakteri\u00e1lne a protiz\u00e1palov\u00e9 vlastnosti.<br \/>\u2022<br \/>Matersk\u00e1 ka\u0161i\u010dka podporuje hormon\u00e1lnu rovnov\u00e1hu a vitalitu.<br \/>\u2022<br \/>V\u010del\u00ed jed sa vyu\u017e\u00edva pri lie\u010dbe reumatizmu a neurologick\u00fdch ochoren\u00ed.<br \/>Apidom\u010deky: Pr\u00edrodn\u00e1 o\u00e1za pre telo a myse\u013e<\/p>\t\t\t\t\t\t<\/div>\n\t\t\t\t<\/div>\n\t\t\t\t\t<\/div>\n\t\t\t\t<\/div>\n\t\t<div class=\"elementor-element elementor-element-5b36df0 e-flex e-con-boxed e-con e-parent\" data-id=\"5b36df0\" data-element_type=\"container\">\n\t\t\t\t\t<div class=\"e-con-inner\">\n\t\t\t\t<div class=\"elementor-element elementor-element-332c896 elementor-widget elementor-widget-image\" data-id=\"332c896\" data-element_type=\"widget\" data-widget_type=\"image.default\">\n\t\t\t\t<div class=\"elementor-widget-container\">\n\t\t\t\t\t\t\t\t\t\t\t\t\t<img decoding=\"async\" width=\"462\" height=\"529\" src=\"https:\/\/www.saaterapie.eu\/wp-content\/uploads\/2025\/01\/apiterapia1.jpg\" class=\"attachment-large size-large wp-image-354\" alt=\"\" srcset=\"https:\/\/www.saaterapie.eu\/wp-content\/uploads\/2025\/01\/apiterapia1.jpg 462w, https:\/\/www.saaterapie.eu\/wp-content\/uploads\/2025\/01\/apiterapia1-262x300.jpg 262w, https:\/\/www.saaterapie.eu\/wp-content\/uploads\/2025\/01\/apiterapia1-52x60.jpg 52w\" sizes=\"(max-width: 462px) 100vw, 462px\" \/>\t\t\t\t\t\t\t\t\t\t\t\t\t<\/div>\n\t\t\t\t<\/div>\n\t\t\t\t\t<\/div>\n\t\t\t\t<\/div>\n\t\t<div class=\"elementor-element elementor-element-9a29b57 e-flex e-con-boxed e-con e-parent\" data-id=\"9a29b57\" data-element_type=\"container\">\n\t\t\t\t\t<div class=\"e-con-inner\">\n\t\t\t\t<div class=\"elementor-element elementor-element-03a20e5 elementor-widget elementor-widget-text-editor\" data-id=\"03a20e5\" data-element_type=\"widget\" data-widget_type=\"text-editor.default\">\n\t\t\t\t<div class=\"elementor-widget-container\">\n\t\t\t\t\t\t\t<p>Apidom\u010dek je upraven\u00fd v\u010del\u00edn pre sp\u00e1nok a oddych v bl\u00edzkosti v\u010diel &#8211; pri\u010dom m\u00f4\u017eete vyu\u017e\u00edva\u0165 v\u0161etky bene\ufb01ty, ktor\u00e9 n\u00e1m v\u010dielky prin\u00e1\u0161aj\u00fa v bezpe\u010d\u00ed od v\u010del\u00edch \u017eihadiel. <br \/>Pobyty v apidom\u010dekoch s\u00fa inovat\u00edvnym sp\u00f4sobom, ako vyu\u017ei\u0165 energiu v\u010del\u00edch rod\u00edn na zlep\u0161enie zdravia. <br \/>Pravideln\u00fdm pobytom v bl\u00edzkosti v\u010diel doch\u00e1dza k celkovej regener\u00e1ci\u00ed a omladeniu organizmu.<\/p><p>\u2022 D\u00fdchanie \u00fa\u013eov\u00e9ho vzduchu: Vzduch obsahuje prospe\u0161n\u00e9 aeros\u00f3ly, ktor\u00e9 maj\u00fa protiz\u00e1palov\u00e9 \u00fa\u010dinky a pozit\u00edvny vplyv na d\u00fdchac\u00ed syst\u00e9m \u010dloveka, zmier\u0148uje pr\u00edznaky pe\u013eov\u00fdch alergi\u00ed, bronchit\u00eddy, astmy, chronick\u00e9ho z\u00e1palu p\u013e\u00fac a n\u00e1chylnosti na infekcie. Zlep\u0161uje tie\u017e sp\u00e1nok a n\u00e1ladu, zvy\u0161uje chu\u0165 do jedla a posil\u0148uje imunitu.<br \/>\u2022 Zvukov\u00e1 terapia: Bzukot v\u010diel p\u00f4sob\u00ed harmonizuj\u00faco na nervov\u00fd syst\u00e9m<br \/>\u2022 Energetick\u00e1 rovnov\u00e1ha: Elektromagnetick\u00e1 energia v\u010diel stimuluje regener\u00e1ciu organizmu.<\/p><p>Biopole v\u010diel: Harmoniz\u00e1cia a regener\u00e1cia <br \/>Jednou z najzauj\u00edmavej\u0161\u00edch s\u00fa\u010das\u0165ou apiterapie je pobyt v bl\u00edzkosti biopo\u013ea v\u010diel. Biopole vznik\u00e1 prostredn\u00edctvom ich aktivity, pohybu a elektromechanick\u00fdch vibr\u00e1ci\u00ed. Tento pr\u00edrodn\u00fd energetick\u00fd tok m\u00e1 pozit\u00edvny vplyv na \u013eudsk\u00e9 telo a myse\u013e:<\/p><p>\u2022 Harmoniz\u00e1cia energetick\u00fdch dr\u00e1h: Elektromagnetick\u00e9 vlny z v\u010delieho biopo\u013ea p\u00f4sobia na bunkov\u00fa aktivitu, podporuj\u00fa regener\u00e1ciu a obnovu tkan\u00edv.<br \/>\u2022 Redukcia stresu: Pri pobyte v bl\u00edzkosti v\u010delstiev doch\u00e1dza k zmene frekvenci\u00ed nervovej \u010dinnosti, \u010do vedie k vn\u00fatorn\u00e9mu pokoju a rovnov\u00e1he.<br \/>\u2022 Stimul\u00e1cia imunitn\u00e9ho syst\u00e9mu: V\u010delie biopole aktivuje obrann\u00e9 mechanizmy organizmu a posil\u0148uje jeho odolnos\u0165.<br \/>\u2022 Podpora emocion\u00e1lnej stability: Pobyt v apidom\u010deku prispieva k vyrovnanej psychike a lep\u0161iemu zvl\u00e1daniu stresov\u00fdch situ\u00e1ci\u00ed.<\/p><p>Pozit\u00edvne \u00fa\u010dinky na deti s \u0161peci\ufb01ck\u00fdmi potrebami <br \/>Jednou z najv\u00fdznamnej\u0161\u00edch oblast\u00ed apiterapie je jej potenci\u00e1l pom\u00e1ha\u0165 de\u0165om s diagn\u00f3zami, ako s\u00fa autizmus, ADHD alebo poruchy spr\u00e1vania. Terapia vo v\u010del\u00edch dom\u010dekoch prin\u00e1\u0161a:<\/p><p>Redukciu stresu a zlep\u0161enie koncentr\u00e1cie: Vibr\u00e1cie a zvuky v\u010diel maj\u00fa uk\u013eud\u0148uj\u00faci efekt na nervov\u00fd syst\u00e9m.<\/p><p>\u2022 Zlep\u0161enie sp\u00e1nku: V\u010delia mikrokl\u00edma podporuje hlbok\u00fd sp\u00e1nok a regener\u00e1ciu.<br \/>\u2022 Podpora soci\u00e1lneho spr\u00e1vania: Pobyt v pr\u00edrode a interakcia so \u017eivou pr\u00edrodou zlep\u0161uj\u00fa emocion\u00e1lnu stabilitu a schopnos\u0165 komunik\u00e1cie.<\/p><p>\u00da\u013eava pri \u010fal\u0161\u00edch zdravotn\u00fdch \u0165a\u017ekostiach: <br \/>Pobyt v apidom\u010dekoch m\u00f4\u017ee by\u0165 pr\u00ednosom aj pre dospel\u00fdch a deti s r\u00f4znymi zdravotn\u00fdmi probl\u00e9mami, ako napr\u00edklad:<\/p><p>\u2022 Astma a alergie: Pr\u00edrodn\u00e9 aeros\u00f3ly vo v\u010del\u00edch dom\u010dekoch zmier\u0148uj\u00fa sympt\u00f3my a podporuj\u00fa zdravie d\u00fdchacieho traktu.<br \/>\u2022 Chronick\u00e1 boles\u0165: Terapia zvukom a energiou zlep\u0161uje cirkul\u00e1ciu a zni\u017euje bolesti pri stavoch ako reumatizmus.<br \/>\u2022 Depresia: Elektromagnetick\u00e1 energia a harmonizuj\u00face prostredie stimuluj\u00fa nervov\u00fd syst\u00e9m, \u010do vedie k zlep\u0161eniu psychick\u00e9ho zdravia.<br \/>\u2022 Neurologick\u00e9 ochorenia: Terapia v apidom\u010deku m\u00f4\u017ee by\u0165 prospe\u0161n\u00e1 pri stavoch ako Parkinsonova choroba alebo roztr\u00fasen\u00e1 skler\u00f3za.<\/p><p>Z\u00e1ver: Apiterapia ako cesta k rovnov\u00e1he <br \/>Apiterapia je viac ne\u017e len alternat\u00edvnou met\u00f3dou lie\u010dby \u2013 je to \ufb01lozo\ufb01a, ktor\u00e1 sp\u00e1ja \u010dloveka s pr\u00edrodou. Prostredn\u00edctvom v\u010del\u00edch produktov a pobytov v apidom\u010dekoch pon\u00faka pr\u00edle\u017eitos\u0165 obnovi\u0165 fyzick\u00e9 aj psychick\u00e9 zdravie. Pre deti so \u0161peci\u00e1lnymi potrebami, ako aj pre \u013eud\u00ed s r\u00f4znymi chronick\u00fdmi ochoreniami, predstavuje unik\u00e1tnu mo\u017enos\u0165, ako z\u00edska\u0165 pokoj a stabilitu v modernom, hektickom svete. \u00da\u013eov\u00e1 terapia je ide\u00e1lna met\u00f3da ozdravenia det\u00ed -bezpe\u010dn\u00e1, ne\u0161kodliv\u00e1, harmonick\u00e1 pre detsk\u00fd organizmus, spojen\u00e1 s pozit\u00edvnymi em\u00f3ciami, dostupn\u00e1, ekonomick\u00e1&#8230; <br \/>Efektivita \u00fa\u013eovej terapie v detskom veku je ove\u013ea vy\u0161\u0161ia ako u dospel\u00fdch, preto\u017ee deti maj\u00fa ove\u013ea bli\u017e\u0161ie k pr\u00edrode. Tento pr\u00edrodn\u00fd pr\u00edstup m\u00f4\u017ee by\u0165 cenn\u00fdm doplnkom k tradi\u010dnej medic\u00edne a terapi\u00e1m, ktor\u00fd stoj\u00ed za objavenie.<\/p><p>V\u010cEL\u00c1RSTVO MEDO\u0160\u00cdK<\/p>\t\t\t\t\t\t<\/div>\n\t\t\t\t<\/div>\n\t\t\t\t\t<\/div>\n\t\t\t\t<\/div>\n\t\t\t\t<\/div>\n\t\t","protected":false},"excerpt":{"rendered":"<p>Apiterapia: Cesta k uzdraveniu v harm\u00f3nii s pr\u00edrodou Apiterapia, je alternat\u00edvna lie\u010debn\u00e1 met\u00f3da pomocou v\u010dely medonosnej a v\u010del\u00edch produktov. V\u00fdraz apiterapia vych\u00e1dza z latinsk\u00e9ho slova apis \u2013 znamenaj\u00faci v\u010delu.V\u010delie produkty ako dar zdraviaMed, pe\u013e, propolis, matersk\u00e1 ka\u0161i\u010dka a v\u010del\u00ed jed maj\u00fa r\u00f4zne \u00fa\u010dinky a preto aj r\u00f4zny v\u00fdznam pri prevencii respekt\u00edve alternat\u00edvnej lie\u010dbe ochoren\u00ed.Tieto pr\u00edrodn\u00e9 &hellip; <\/p>\n","protected":false},"author":2,"featured_media":0,"parent":0,"menu_order":0,"comment_status":"closed","ping_status":"closed","template":"","meta":{"footnotes":""},"class_list":["post-352","page","type-page","status-publish","hentry"],"_links":{"self":[{"href":"https:\/\/www.saaterapie.eu\/index.php\/wp-json\/wp\/v2\/pages\/352","targetHints":{"allow":["GET"]}}],"collection":[{"href":"https:\/\/www.saaterapie.eu\/index.php\/wp-json\/wp\/v2\/pages"}],"about":[{"href":"https:\/\/www.saaterapie.eu\/index.php\/wp-json\/wp\/v2\/types\/page"}],"author":[{"embeddable":true,"href":"https:\/\/www.saaterapie.eu\/index.php\/wp-json\/wp\/v2\/users\/2"}],"replies":[{"embeddable":true,"href":"https:\/\/www.saaterapie.eu\/index.php\/wp-json\/wp\/v2\/comments?post=352"}],"version-history":[{"count":3,"href":"https:\/\/www.saaterapie.eu\/index.php\/wp-json\/wp\/v2\/pages\/352\/revisions"}],"predecessor-version":[{"id":358,"href":"https:\/\/www.saaterapie.eu\/index.php\/wp-json\/wp\/v2\/pages\/352\/revisions\/358"}],"wp:attachment":[{"href":"https:\/\/www.saaterapie.eu\/index.php\/wp-json\/wp\/v2\/media?parent=352"}],"curies":[{"name":"wp","href":"https:\/\/api.w.org\/{rel}","templated":true}]}}