{"id":85,"date":"2024-05-23T22:11:25","date_gmt":"2024-05-23T20:11:25","guid":{"rendered":"https:\/\/www.saaterapie.eu\/?page_id=85"},"modified":"2024-09-11T11:04:01","modified_gmt":"2024-09-11T09:04:01","slug":"animoterapia","status":"publish","type":"page","link":"https:\/\/www.saaterapie.eu\/index.php\/terapie\/animoterapia\/","title":{"rendered":"Animoterapia vo v\u0161eobecnosti"},"content":{"rendered":"\t\t<div data-elementor-type=\"wp-page\" data-elementor-id=\"85\" class=\"elementor elementor-85\">\n\t\t\t\t<div class=\"elementor-element elementor-element-dcbe05e e-flex e-con-boxed e-con e-parent\" data-id=\"dcbe05e\" data-element_type=\"container\">\n\t\t\t\t\t<div class=\"e-con-inner\">\n\t\t\t\t<div class=\"elementor-element elementor-element-6d43555 elementor-widget elementor-widget-heading\" data-id=\"6d43555\" data-element_type=\"widget\" data-widget_type=\"heading.default\">\n\t\t\t\t<div class=\"elementor-widget-container\">\n\t\t\t<h2 class=\"elementor-heading-title elementor-size-default\">Animoterapia vo v\u0161eobecnosti <\/h2>\t\t<\/div>\n\t\t\t\t<\/div>\n\t\t\t\t\t<\/div>\n\t\t\t\t<\/div>\n\t\t<div class=\"elementor-element elementor-element-9bb67ef e-flex e-con-boxed e-con e-parent\" data-id=\"9bb67ef\" data-element_type=\"container\">\n\t\t\t\t\t<div class=\"e-con-inner\">\n\t\t\t\t<div class=\"elementor-element elementor-element-b7a6135 elementor-widget elementor-widget-text-editor\" data-id=\"b7a6135\" data-element_type=\"widget\" data-widget_type=\"text-editor.default\">\n\t\t\t\t<div class=\"elementor-widget-container\">\n\t\t\t\t\t\t\t<p><br><\/p>\n<p>Zvierat\u00e1 vo v\u0161eobecnosti maj\u00fa ve\u013emi ve\u013ek\u00fa schopnos\u0165 vyvola\u0165 u \u010dloveka siln\u00e9 em\u00f3cie. Zvierat\u00e1 m\u00f4\u017eu&nbsp;napom\u00e1ha\u0165 psychickej stimul\u00e1cii, rozvoju soci\u00e1lnej komunik\u00e1cie, m\u00f4\u017eu navodi\u0165 pocit&nbsp;bezpe\u010dia a istoty. V&nbsp;pr\u00edtomnosti zviera\u0165a sa dok\u00e1\u017eu nau\u010di\u0165 vyjadrova\u0165 svoje pocity, em\u00f3cie,rados\u0165,smiech,odvahu. Zvierat\u00e1 pom\u00e1haj\u00fa pre\u017ei\u0165 pocity emocion\u00e1lneho uspokojenia a naplnenia ako u \u013eud\u00ed zdrav\u00fdch tak aj u \u013eud\u00ed so zdravotn\u00fdm postihnut\u00edm. Zviera motivuje napr\u00edklad n\u00e1cvik k rozpr\u00e1vaniu, rozvoj jemnej a hrubej motoriky, rozv\u00edja fant\u00e1ziu,m\u00f4\u017ee zlep\u0161i\u0165 koordin\u00e1ciu pohybu,&nbsp;poskytuje v\u010fa\u010dn\u00fa t\u00e9mu na rozhovor. Preto\u017ee zvierat\u00e1 maj\u00fa vy\u0161\u0161iu telesn\u00fa teplotu dok\u00e1\u017eu klientovi pom\u00f4c\u0165 pri uvo\u013enen\u00ed svalstva a uvo\u013enenie spazmy .Priate\u013esk\u00e9 zviera prin\u00e1\u0161a pocit pohody,&nbsp;uvo\u013enenia a istoty.&nbsp;<\/p>\n<p><strong>Najd\u00f4le\u017eitej\u0161ia \u010das\u0165 pri poskytovan\u00ed ak\u00fdchko\u013evek animoterapii:&nbsp;<\/strong><\/p>\n<p>Najd\u00f4le\u017eitej\u0161ou \u010das\u0165ou terapii je ma\u0165 pri sebe \u0161peci\u00e1lny&nbsp;team to znamen\u00e1, \u017ee kvalitne&nbsp;vybran\u00e9 a \u0161peci\u00e1lne vycvi\u010den\u00e9 zviera na dan\u00fa terapiu. V\u017edy mus\u00ed by\u0165 zabezpe\u010den\u00e1, kvalitn\u00e1 starostlivos\u0165 o dan\u00e9 zviera, lebo len fyzicky aj psychicky zdrav\u00e9 zviera dok\u00e1\u017ee pom\u00e1ha\u0165. A kvalitne vy\u0161kolen\u00fd&nbsp;team odborn\u00edkov z danej oblasti terapii, aj ke\u010f sa po \u010dase str\u00e1venom so zvieratami m\u00f4\u017eeme c\u00edti\u0165 lep\u0161ie, najv\u00fdznamnej\u0161ie a dlhotrvaj\u00face zlep\u0161enie sa d\u00e1 dosiahnu\u0165 iba ak vy\u0161kolen\u00fd odborn\u00edk dodr\u017eiava \u0161peci\u00e1lny lie\u010debn\u00fd pl\u00e1n.&nbsp;<\/p>\n<p><strong>Treba si uvedomi\u0165, \u017ee pri terapi\u00e1ch a najme animoterapi\u00e1ch neodborn\u00fd pr\u00edstup m\u00f4\u017ee narobi\u0165 v\u017edy viac \u0161kody ako pomoci&nbsp;<\/strong><\/p>\n<p>Druhy anipoterapii&nbsp;<\/p>\n<p>Canisterapia&nbsp; je terapia pri ktorej sa vyu\u017e\u00edva p\u00f4sobenie psa&nbsp;<\/p>\n<p><span style=\"color: #222222;\">Pes&nbsp;pri terapii dok\u00e1\u017ee pom\u00e1ha\u0165 dospel\u00fdm aj de\u0165om \u010di u\u017e pri psychick\u00fdch probl\u00e9mov, ale aj pri zdravotn\u00fdch \u0165a\u017ekostiach.<\/span><span style=\"color: #222222;\">&nbsp;<\/span><span style=\"color: #222222;\">Teplo tela psa dok\u00e1\u017ee prehria\u0165 svaly, \u010d\u00edm doch\u00e1dza k uvo\u013eneniu svalov, zn\u00ed\u017eeniu bolesti, zlep\u0161enie rozsahu pohybu a celkov\u00e9mu uvo\u013eneniu fyzick\u00e9mu i psychick\u00e9mu. Pri psychick\u00fdch \u0165a\u017ekostiach dok\u00e1\u017eeme pomocou psa motivova\u0165 klienta k aktivite,&nbsp;pom\u00e1ha klientom s uvo\u013enen\u00edm spazmy, hyperaktivite, d\u00fdchan\u00edm a mnoh\u00fdmi \u010fal\u0161\u00edmi diagn\u00f3zami<\/span><\/p>\n<p>Felinoterapia&nbsp;&nbsp;je terapia pri ktorej sa vyu\u017e\u00edva p\u00f4sobenie ma\u010dky<\/p>\n<p>Pr\u00edtomnos\u0165 ma\u010dky navodzuje pr\u00edjemn\u00e9 atmosf\u00e9ru, upokojenie&nbsp;a pozit\u00edvne em\u00f3cie pri terapii hlavne v oblasti lie\u010dby psychick\u00fdch probl\u00e9mov. T\u00e1to terapia sa vyu\u017e\u00edva preva\u017ene d\u00f4chodcom a de\u0165om so psychick\u00fdmi probl\u00e9mami&nbsp;<\/p>\n<p>Hipoterapia&nbsp; &nbsp;&nbsp;je terapia pri ktorej sa vyu\u017e\u00edva p\u00f4sobenie ko\u0148a&nbsp;<\/p>\n<p>Hipoterapia je komplexn\u00e1 rehabilita\u010dn\u00e1 met\u00f3da vych\u00e1dzaj\u00faca z neurofyziologick\u00fdch z\u00e1kladov, ktor\u00e1 vyu\u017e\u00edva nasadenie ko\u0148a na lie\u010debn\u00e9 \u00fa\u010dely. Jej p\u00f4sobenie je komplexn\u00e9, zasahuje oblas\u0165 rehabilit\u00e1cie, psychol\u00f3gie a resocializ\u00e1cie.Hipoterapia sa rozde\u013euje na hiporehabilit\u00e1ciu a pedagogicko-psychologick\u00e9 jazdenie. Pri hipoterapii nast\u00e1va zlep\u0161enie pohybov\u00fdch schopnost\u00ed, uvo\u013enenie&nbsp;spazmov&nbsp;a svalov\u00e9ho tonusu,zlep\u0161enie koordin\u00e1cie, rozvoj re\u010di, jemnej a hrubej motoriky,&nbsp;posilnenie&nbsp;ochabnut\u00e9ho svalstva, pomocou ko\u0148a motiv\u00e1cia klienta k aktivite, odstra\u0148ovanie hyperaktivity zlep\u0161enie s\u00fastredenia a lie\u010debn\u00e9 p\u00f4sobenie v in\u00fdch oblastiach.&nbsp;&nbsp;&nbsp;<\/p>\n<p><span style=\"color: #222222;\">Delfinoterapia&nbsp;<\/span>&nbsp;je terapia pri ktorej sa vyu\u017e\u00edva p\u00f4sobenie delf\u00edna<\/p>\n<p>Delf\u00edn patr\u00ed k najinteligentnej\u0161\u00edm a najtalentovanej\u0161\u00edm \u017eivo\u010d\u00edchom Dorozumieva sa \u0161pecifick\u00fdmi zvukmi, ma lie\u010debn\u00e9&nbsp;schopnosti a pozit\u00edvny vz\u0165ah k \u013eudom. Delf\u00edny vysielaj\u00fa elektromagnetick\u00e9 vlny, ktor\u00fdmi sa ovplyv\u0148uje \u010dinnos\u0165 mozgu, dok\u00e1\u017eu vyh\u013eada\u0165 zdravotn\u00fd probl\u00e9m a odstra\u0148ova\u0165 nap\u00e4tie, lie\u010di f\u00f3bie, podporuje pohybov\u00e9 schopnosti, zlep\u0161uje rovnov\u00e1hu a rozv\u00edja re\u010dov\u00e9 centrum.<\/p>\n<p><span style=\"color: #222222;\">toto s\u00fa najbe\u017enej\u0161ie terapie v be\u017enej praxi okrem t\u00fdchto zvierat&nbsp;sa ale vyu\u017e\u00edvaj\u00fa aj in\u00e9 zvierat\u00e1 ako s\u00fa drobn\u00e9 cicavce \/ zajac, mor\u010da, \u010din\u010dily,&nbsp;\u010falej s\u00fa to hospod\u00e1rske zvierat\u00e1 kde sa hlavne vyu\u017e\u00edvaj\u00fa ovce a kozy, ale dokonca aj vt\u00e1ky alebo v\u010dely.<\/span><\/p>\n<p><\/p>\t\t\t\t\t\t<\/div>\n\t\t\t\t<\/div>\n\t\t\t\t\t<\/div>\n\t\t\t\t<\/div>\n\t\t\t\t<\/div>\n\t\t","protected":false},"excerpt":{"rendered":"<p>Animoterapia vo v\u0161eobecnosti Zvierat\u00e1 vo v\u0161eobecnosti maj\u00fa ve\u013emi ve\u013ek\u00fa schopnos\u0165 vyvola\u0165 u \u010dloveka siln\u00e9 em\u00f3cie. Zvierat\u00e1 m\u00f4\u017eu&nbsp;napom\u00e1ha\u0165 psychickej stimul\u00e1cii, rozvoju soci\u00e1lnej komunik\u00e1cie, m\u00f4\u017eu navodi\u0165 pocit&nbsp;bezpe\u010dia a istoty. V&nbsp;pr\u00edtomnosti zviera\u0165a sa dok\u00e1\u017eu nau\u010di\u0165 vyjadrova\u0165 svoje pocity, em\u00f3cie,rados\u0165,smiech,odvahu. Zvierat\u00e1 pom\u00e1haj\u00fa pre\u017ei\u0165 pocity emocion\u00e1lneho uspokojenia a naplnenia ako u \u013eud\u00ed zdrav\u00fdch tak aj u \u013eud\u00ed so zdravotn\u00fdm postihnut\u00edm. &hellip; <\/p>\n","protected":false},"author":2,"featured_media":0,"parent":64,"menu_order":0,"comment_status":"closed","ping_status":"closed","template":"","meta":{"footnotes":""},"class_list":["post-85","page","type-page","status-publish","hentry"],"_links":{"self":[{"href":"https:\/\/www.saaterapie.eu\/index.php\/wp-json\/wp\/v2\/pages\/85","targetHints":{"allow":["GET"]}}],"collection":[{"href":"https:\/\/www.saaterapie.eu\/index.php\/wp-json\/wp\/v2\/pages"}],"about":[{"href":"https:\/\/www.saaterapie.eu\/index.php\/wp-json\/wp\/v2\/types\/page"}],"author":[{"embeddable":true,"href":"https:\/\/www.saaterapie.eu\/index.php\/wp-json\/wp\/v2\/users\/2"}],"replies":[{"embeddable":true,"href":"https:\/\/www.saaterapie.eu\/index.php\/wp-json\/wp\/v2\/comments?post=85"}],"version-history":[{"count":6,"href":"https:\/\/www.saaterapie.eu\/index.php\/wp-json\/wp\/v2\/pages\/85\/revisions"}],"predecessor-version":[{"id":215,"href":"https:\/\/www.saaterapie.eu\/index.php\/wp-json\/wp\/v2\/pages\/85\/revisions\/215"}],"up":[{"embeddable":true,"href":"https:\/\/www.saaterapie.eu\/index.php\/wp-json\/wp\/v2\/pages\/64"}],"wp:attachment":[{"href":"https:\/\/www.saaterapie.eu\/index.php\/wp-json\/wp\/v2\/media?parent=85"}],"curies":[{"name":"wp","href":"https:\/\/api.w.org\/{rel}","templated":true}]}}